{"id":12,"date":"2023-12-27T11:23:35","date_gmt":"2023-12-27T10:23:35","guid":{"rendered":"https:\/\/lustlivinginterior.com\/?page_id=12"},"modified":"2024-05-21T15:42:26","modified_gmt":"2024-05-21T13:42:26","slug":"a-propos","status":"publish","type":"page","link":"https:\/\/lustlivinginterior.com\/?page_id=12","title":{"rendered":"A propos"},"content":{"rendered":"\t\t<div data-elementor-type=\"wp-page\" data-elementor-id=\"12\" class=\"elementor elementor-12\">\n\t\t\t\t<div class=\"elementor-element elementor-element-1b6510a e-flex e-con-boxed e-con e-parent\" data-id=\"1b6510a\" data-element_type=\"container\" data-e-type=\"container\">\n\t\t\t\t\t<div class=\"e-con-inner\">\n\t\t\t\t\t<\/div>\n\t\t\t\t<\/div>\n\t\t<div class=\"elementor-element elementor-element-54fa6af e-flex e-con-boxed e-con e-parent\" data-id=\"54fa6af\" data-element_type=\"container\" data-e-type=\"container\">\n\t\t\t\t\t<div class=\"e-con-inner\">\n\t\t<div class=\"elementor-element elementor-element-4d05ff5 e-con-full e-flex e-con e-child\" data-id=\"4d05ff5\" data-element_type=\"container\" data-e-type=\"container\">\n\t\t<div class=\"elementor-element elementor-element-5b286ac e-flex e-con-boxed e-con e-child\" data-id=\"5b286ac\" data-element_type=\"container\" data-e-type=\"container\">\n\t\t\t\t\t<div class=\"e-con-inner\">\n\t\t\t\t<div class=\"elementor-element elementor-element-157b1ac elementor-widget elementor-widget-spacer\" data-id=\"157b1ac\" data-element_type=\"widget\" data-e-type=\"widget\" data-widget_type=\"spacer.default\">\n\t\t\t\t<div class=\"elementor-widget-container\">\n\t\t\t\t\t\t\t<div class=\"elementor-spacer\">\n\t\t\t<div class=\"elementor-spacer-inner\"><\/div>\n\t\t<\/div>\n\t\t\t\t\t\t<\/div>\n\t\t\t\t<\/div>\n\t\t\t\t<div class=\"elementor-element elementor-element-2d225b8 elementor-widget__width-initial elementor-widget elementor-widget-text-editor\" data-id=\"2d225b8\" data-element_type=\"widget\" data-e-type=\"widget\" data-widget_type=\"text-editor.default\">\n\t\t\t\t<div class=\"elementor-widget-container\">\n\t\t\t\t\t\t\t\t\t<p>\u00a0&#8220;Je suis L\u00e9a Lust.<\/p><p>Passionn\u00e9e de Design, de Haute Couture et par la cr\u00e9ativit\u00e9 en tout genre, j\u2019ai d\u00e9but\u00e9 ma carri\u00e8re dans le Visual Merchandising avec comme pr\u00e9occupation la mise en valeur de chaque chose et l\u2019exp\u00e9rience que ceci peut apporter \u00e0 chacun.<\/p><p>Maitrise des volumes, sens du d\u00e9tail et rigueur organisationnelle m\u2019ont guid\u00e9 jusqu\u2019ici.<\/p><p>Dipl\u00f4m\u00e9e en Architecture d\u2019Int\u00e9rieur, c\u2019est intuitivement que je poursuis <br \/>aujourd\u2019hui ma passion par la cr\u00e9ation de mon studio, Lust Living Interior.<\/p><p>Mon approche se base sur une \u00e9coute attentive, une compr\u00e9hension profonde des besoins de chaque client, et un engagement in\u00e9branlable envers la cr\u00e9ativit\u00e9 et la qualit\u00e9.<\/p><p>Que ce soit pour un projet commercial ou r\u00e9sidentiel, je mets mon savoir faire au service de la cr\u00e9ation d\u2019int\u00e9rieurs qui ont pour ambition d\u2019\u00e9voquer des \u00e9motions.\u00a0<\/p><p><span style=\"font-size: 12px;\">Un projet r\u00e9ussit est d\u2019avantage qu\u2019une simple esth\u00e9tique, c\u2019est une exp\u00e9rience sensorielle.<\/span><\/p><p>Ma promenade architecturale est en qu\u00eate d\u2019une profonde sensation de bien-\u00eatre, un \u00e9quilibre subtil entre rigueur des lignes et douceur des sens.<br \/>Mon objectif est de transformer les espaces en havre d\u2019harmonie et de confort, o\u00f9 chaque d\u00e9tail est con\u00e7u pour refl\u00e9ter votre identit\u00e9 visuelle ou votre style de vie.&#8221;<\/p>\t\t\t\t\t\t\t\t<\/div>\n\t\t\t\t<\/div>\n\t\t\t\t\t<\/div>\n\t\t\t\t<\/div>\n\t\t\t\t<div class=\"elementor-element elementor-element-b19af6a elementor-widget elementor-widget-spacer\" data-id=\"b19af6a\" data-element_type=\"widget\" data-e-type=\"widget\" data-widget_type=\"spacer.default\">\n\t\t\t\t<div class=\"elementor-widget-container\">\n\t\t\t\t\t\t\t<div class=\"elementor-spacer\">\n\t\t\t<div class=\"elementor-spacer-inner\"><\/div>\n\t\t<\/div>\n\t\t\t\t\t\t<\/div>\n\t\t\t\t<\/div>\n\t\t\t\t<\/div>\n\t\t\t\t<div class=\"elementor-element elementor-element-60428c9 elementor-widget elementor-widget-image\" data-id=\"60428c9\" data-element_type=\"widget\" data-e-type=\"widget\" data-widget_type=\"image.default\">\n\t\t\t\t<div class=\"elementor-widget-container\">\n\t\t\t\t\t\t\t\t\t\t\t\t\t\t\t<img fetchpriority=\"high\" decoding=\"async\" width=\"768\" height=\"1166\" src=\"https:\/\/lustlivinginterior.com\/wp-content\/uploads\/2024\/02\/retouchee-v2-768x1166.jpg\" class=\"attachment-medium_large size-medium_large wp-image-942\" alt=\"\" srcset=\"https:\/\/lustlivinginterior.com\/wp-content\/uploads\/2024\/02\/retouchee-v2-768x1166.jpg 768w, https:\/\/lustlivinginterior.com\/wp-content\/uploads\/2024\/02\/retouchee-v2-198x300.jpg 198w, https:\/\/lustlivinginterior.com\/wp-content\/uploads\/2024\/02\/retouchee-v2-675x1024.jpg 675w, https:\/\/lustlivinginterior.com\/wp-content\/uploads\/2024\/02\/retouchee-v2-1012x1536.jpg 1012w, https:\/\/lustlivinginterior.com\/wp-content\/uploads\/2024\/02\/retouchee-v2-1349x2048.jpg 1349w, https:\/\/lustlivinginterior.com\/wp-content\/uploads\/2024\/02\/retouchee-v2-scaled.jpg 1687w\" sizes=\"(max-width: 768px) 100vw, 768px\" \/>\t\t\t\t\t\t\t\t\t\t\t\t\t\t\t<\/div>\n\t\t\t\t<\/div>\n\t\t\t\t<div class=\"elementor-element elementor-element-977d971 elementor-widget elementor-widget-spacer\" data-id=\"977d971\" data-element_type=\"widget\" data-e-type=\"widget\" data-widget_type=\"spacer.default\">\n\t\t\t\t<div class=\"elementor-widget-container\">\n\t\t\t\t\t\t\t<div class=\"elementor-spacer\">\n\t\t\t<div class=\"elementor-spacer-inner\"><\/div>\n\t\t<\/div>\n\t\t\t\t\t\t<\/div>\n\t\t\t\t<\/div>\n\t\t\t\t\t<\/div>\n\t\t\t\t<\/div>\n\t\t<div class=\"elementor-element elementor-element-401e992 e-flex e-con-boxed e-con e-parent\" data-id=\"401e992\" data-element_type=\"container\" data-e-type=\"container\">\n\t\t\t\t\t<div class=\"e-con-inner\">\n\t\t\t\t<div class=\"elementor-element elementor-element-232fac0 elementor-widget elementor-widget-spacer\" data-id=\"232fac0\" data-element_type=\"widget\" data-e-type=\"widget\" data-widget_type=\"spacer.default\">\n\t\t\t\t<div class=\"elementor-widget-container\">\n\t\t\t\t\t\t\t<div class=\"elementor-spacer\">\n\t\t\t<div class=\"elementor-spacer-inner\"><\/div>\n\t\t<\/div>\n\t\t\t\t\t\t<\/div>\n\t\t\t\t<\/div>\n\t\t\t\t<div class=\"elementor-element elementor-element-cc2c223 elementor-align-center elementor-widget__width-inherit elementor-widget elementor-widget-button\" data-id=\"cc2c223\" data-element_type=\"widget\" data-e-type=\"widget\" data-widget_type=\"button.default\">\n\t\t\t\t<div class=\"elementor-widget-container\">\n\t\t\t\t\t\t\t\t\t<div class=\"elementor-button-wrapper\">\n\t\t\t\t\t<a class=\"elementor-button elementor-button-link elementor-size-md\" href=\"https:\/\/lustlivinginterior.com\/?page_id=15\">\n\t\t\t\t\t\t<span class=\"elementor-button-content-wrapper\">\n\t\t\t\t\t\t\t\t\t<span class=\"elementor-button-text\">Nous contacter<\/span>\n\t\t\t\t\t<\/span>\n\t\t\t\t\t<\/a>\n\t\t\t\t<\/div>\n\t\t\t\t\t\t\t\t<\/div>\n\t\t\t\t<\/div>\n\t\t\t\t<div class=\"elementor-element elementor-element-6d59d3b elementor-widget elementor-widget-spacer\" data-id=\"6d59d3b\" data-element_type=\"widget\" data-e-type=\"widget\" data-widget_type=\"spacer.default\">\n\t\t\t\t<div class=\"elementor-widget-container\">\n\t\t\t\t\t\t\t<div class=\"elementor-spacer\">\n\t\t\t<div class=\"elementor-spacer-inner\"><\/div>\n\t\t<\/div>\n\t\t\t\t\t\t<\/div>\n\t\t\t\t<\/div>\n\t\t\t\t\t<\/div>\n\t\t\t\t<\/div>\n\t\t\t\t<\/div>\n\t\t","protected":false},"excerpt":{"rendered":"<p>\u00a0&#8220;Je suis L\u00e9a Lust. Passionn\u00e9e de Design, de Haute Couture et par la cr\u00e9ativit\u00e9 en tout genre, j\u2019ai d\u00e9but\u00e9 ma carri\u00e8re dans le Visual Merchandising avec comme pr\u00e9occupation la mise en valeur de chaque chose et l\u2019exp\u00e9rience que ceci peut apporter \u00e0 chacun. Maitrise des volumes, sens du d\u00e9tail et rigueur organisationnelle m\u2019ont guid\u00e9 jusqu\u2019ici. [&hellip;]<\/p>\n","protected":false},"author":1,"featured_media":0,"parent":0,"menu_order":0,"comment_status":"closed","ping_status":"closed","template":"","meta":{"_monsterinsights_skip_tracking":false,"_monsterinsights_sitenote_active":false,"_monsterinsights_sitenote_note":"","_monsterinsights_sitenote_category":0,"ocean_post_layout":"","ocean_both_sidebars_style":"","ocean_both_sidebars_content_width":0,"ocean_both_sidebars_sidebars_width":0,"ocean_sidebar":"","ocean_second_sidebar":"","ocean_disable_margins":"enable","ocean_add_body_class":"","ocean_shortcode_before_top_bar":"","ocean_shortcode_after_top_bar":"","ocean_shortcode_before_header":"","ocean_shortcode_after_header":"","ocean_has_shortcode":"","ocean_shortcode_after_title":"","ocean_shortcode_before_footer_widgets":"","ocean_shortcode_after_footer_widgets":"","ocean_shortcode_before_footer_bottom":"","ocean_shortcode_after_footer_bottom":"","ocean_display_top_bar":"default","ocean_display_header":"default","ocean_header_style":"","ocean_center_header_left_menu":"","ocean_custom_header_template":"","ocean_custom_logo":0,"ocean_custom_retina_logo":0,"ocean_custom_logo_max_width":0,"ocean_custom_logo_tablet_max_width":0,"ocean_custom_logo_mobile_max_width":0,"ocean_custom_logo_max_height":0,"ocean_custom_logo_tablet_max_height":0,"ocean_custom_logo_mobile_max_height":0,"ocean_header_custom_menu":"","ocean_menu_typo_font_family":"","ocean_menu_typo_font_subset":"","ocean_menu_typo_font_size":0,"ocean_menu_typo_font_size_tablet":0,"ocean_menu_typo_font_size_mobile":0,"ocean_menu_typo_font_size_unit":"px","ocean_menu_typo_font_weight":"","ocean_menu_typo_font_weight_tablet":"","ocean_menu_typo_font_weight_mobile":"","ocean_menu_typo_transform":"","ocean_menu_typo_transform_tablet":"","ocean_menu_typo_transform_mobile":"","ocean_menu_typo_line_height":0,"ocean_menu_typo_line_height_tablet":0,"ocean_menu_typo_line_height_mobile":0,"ocean_menu_typo_line_height_unit":"","ocean_menu_typo_spacing":0,"ocean_menu_typo_spacing_tablet":0,"ocean_menu_typo_spacing_mobile":0,"ocean_menu_typo_spacing_unit":"","ocean_menu_link_color":"","ocean_menu_link_color_hover":"","ocean_menu_link_color_active":"","ocean_menu_link_background":"","ocean_menu_link_hover_background":"","ocean_menu_link_active_background":"","ocean_menu_social_links_bg":"","ocean_menu_social_hover_links_bg":"","ocean_menu_social_links_color":"","ocean_menu_social_hover_links_color":"","ocean_disable_title":"default","ocean_disable_heading":"default","ocean_post_title":"","ocean_post_subheading":"","ocean_post_title_style":"","ocean_post_title_background_color":"","ocean_post_title_background":0,"ocean_post_title_bg_image_position":"","ocean_post_title_bg_image_attachment":"","ocean_post_title_bg_image_repeat":"","ocean_post_title_bg_image_size":"","ocean_post_title_height":0,"ocean_post_title_bg_overlay":0.5,"ocean_post_title_bg_overlay_color":"","ocean_disable_breadcrumbs":"default","ocean_breadcrumbs_color":"","ocean_breadcrumbs_separator_color":"","ocean_breadcrumbs_links_color":"","ocean_breadcrumbs_links_hover_color":"","ocean_display_footer_widgets":"default","ocean_display_footer_bottom":"default","ocean_custom_footer_template":"","footnotes":""},"class_list":["post-12","page","type-page","status-publish","hentry","entry"],"yoast_head":"<!-- This site is optimized with the Yoast SEO plugin v27.3 - https:\/\/yoast.com\/product\/yoast-seo-wordpress\/ -->\n<title>A propos - www.lustlivinginterior.com<\/title>\n<meta name=\"description\" content=\"Que ce soit pour un projet commercial ou r\u00e9sidentiel, L\u00e9a, au sein de son studio d&#039;Architecture d&#039;int\u00e9rieur Lust Living Interior, met en \u0153uvre son savoir-faire pour cr\u00e9er des univers qui ont pour ambition de cr\u00e9er des \u00e9motions, fonctionnels et sensibles.\" \/>\n<meta name=\"robots\" content=\"index, follow, max-snippet:-1, max-image-preview:large, max-video-preview:-1\" \/>\n<link rel=\"canonical\" href=\"https:\/\/lustlivinginterior.com\/?page_id=12\" \/>\n<meta property=\"og:locale\" content=\"en_US\" \/>\n<meta property=\"og:type\" content=\"article\" \/>\n<meta property=\"og:title\" content=\"A propos - www.lustlivinginterior.com\" \/>\n<meta property=\"og:description\" content=\"Que ce soit pour un projet commercial ou r\u00e9sidentiel, L\u00e9a, au sein de son studio d&#039;Architecture d&#039;int\u00e9rieur Lust Living Interior, met en \u0153uvre son savoir-faire pour cr\u00e9er des univers qui ont pour ambition de cr\u00e9er des \u00e9motions, fonctionnels et sensibles.\" \/>\n<meta property=\"og:url\" content=\"https:\/\/lustlivinginterior.com\/?page_id=12\" \/>\n<meta property=\"og:site_name\" content=\"www.lustlivinginterior.com\" \/>\n<meta property=\"article:modified_time\" content=\"2024-05-21T13:42:26+00:00\" \/>\n<meta property=\"og:image\" content=\"http:\/\/lustlivinginterior.com\/wp-content\/uploads\/2024\/02\/retouchee-v2-768x1166.jpg\" \/>\n<meta name=\"twitter:card\" content=\"summary_large_image\" \/>\n<meta name=\"twitter:label1\" content=\"Est. reading time\" \/>\n\t<meta name=\"twitter:data1\" content=\"2 minutes\" \/>\n<script type=\"application\/ld+json\" class=\"yoast-schema-graph\">{\"@context\":\"https:\\\/\\\/schema.org\",\"@graph\":[{\"@type\":[\"WebPage\",\"AboutPage\"],\"@id\":\"https:\\\/\\\/lustlivinginterior.com\\\/?page_id=12\",\"url\":\"https:\\\/\\\/lustlivinginterior.com\\\/?page_id=12\",\"name\":\"A propos - www.lustlivinginterior.com\",\"isPartOf\":{\"@id\":\"https:\\\/\\\/lustlivinginterior.com\\\/#website\"},\"primaryImageOfPage\":{\"@id\":\"https:\\\/\\\/lustlivinginterior.com\\\/?page_id=12#primaryimage\"},\"image\":{\"@id\":\"https:\\\/\\\/lustlivinginterior.com\\\/?page_id=12#primaryimage\"},\"thumbnailUrl\":\"http:\\\/\\\/lustlivinginterior.com\\\/wp-content\\\/uploads\\\/2024\\\/02\\\/retouchee-v2-768x1166.jpg\",\"datePublished\":\"2023-12-27T10:23:35+00:00\",\"dateModified\":\"2024-05-21T13:42:26+00:00\",\"description\":\"Que ce soit pour un projet commercial ou r\u00e9sidentiel, L\u00e9a, au sein de son studio d'Architecture d'int\u00e9rieur Lust Living Interior, met en \u0153uvre son savoir-faire pour cr\u00e9er des univers qui ont pour ambition de cr\u00e9er des \u00e9motions, fonctionnels et sensibles.\",\"breadcrumb\":{\"@id\":\"https:\\\/\\\/lustlivinginterior.com\\\/?page_id=12#breadcrumb\"},\"inLanguage\":\"en-US\",\"potentialAction\":[{\"@type\":\"ReadAction\",\"target\":[\"https:\\\/\\\/lustlivinginterior.com\\\/?page_id=12\"]}]},{\"@type\":\"ImageObject\",\"inLanguage\":\"en-US\",\"@id\":\"https:\\\/\\\/lustlivinginterior.com\\\/?page_id=12#primaryimage\",\"url\":\"http:\\\/\\\/lustlivinginterior.com\\\/wp-content\\\/uploads\\\/2024\\\/02\\\/retouchee-v2-768x1166.jpg\",\"contentUrl\":\"http:\\\/\\\/lustlivinginterior.com\\\/wp-content\\\/uploads\\\/2024\\\/02\\\/retouchee-v2-768x1166.jpg\"},{\"@type\":\"BreadcrumbList\",\"@id\":\"https:\\\/\\\/lustlivinginterior.com\\\/?page_id=12#breadcrumb\",\"itemListElement\":[{\"@type\":\"ListItem\",\"position\":1,\"name\":\"Accueil\",\"item\":\"https:\\\/\\\/lustlivinginterior.com\\\/\"},{\"@type\":\"ListItem\",\"position\":2,\"name\":\"A propos\"}]},{\"@type\":\"WebSite\",\"@id\":\"https:\\\/\\\/lustlivinginterior.com\\\/#website\",\"url\":\"https:\\\/\\\/lustlivinginterior.com\\\/\",\"name\":\"www.lustlivinginterior.com\",\"description\":\"\",\"publisher\":{\"@id\":\"https:\\\/\\\/lustlivinginterior.com\\\/#organization\"},\"potentialAction\":[{\"@type\":\"SearchAction\",\"target\":{\"@type\":\"EntryPoint\",\"urlTemplate\":\"https:\\\/\\\/lustlivinginterior.com\\\/?s={search_term_string}\"},\"query-input\":{\"@type\":\"PropertyValueSpecification\",\"valueRequired\":true,\"valueName\":\"search_term_string\"}}],\"inLanguage\":\"en-US\"},{\"@type\":\"Organization\",\"@id\":\"https:\\\/\\\/lustlivinginterior.com\\\/#organization\",\"name\":\"www.lustlivinginterior.com\",\"url\":\"https:\\\/\\\/lustlivinginterior.com\\\/\",\"logo\":{\"@type\":\"ImageObject\",\"inLanguage\":\"en-US\",\"@id\":\"https:\\\/\\\/lustlivinginterior.com\\\/#\\\/schema\\\/logo\\\/image\\\/\",\"url\":\"https:\\\/\\\/lustlivinginterior.com\\\/wp-content\\\/uploads\\\/2024\\\/01\\\/cropped-LLI-LOGO-ENTIER-CENTRE-scaled-1.jpg\",\"contentUrl\":\"https:\\\/\\\/lustlivinginterior.com\\\/wp-content\\\/uploads\\\/2024\\\/01\\\/cropped-LLI-LOGO-ENTIER-CENTRE-scaled-1.jpg\",\"width\":1807,\"height\":1289,\"caption\":\"www.lustlivinginterior.com\"},\"image\":{\"@id\":\"https:\\\/\\\/lustlivinginterior.com\\\/#\\\/schema\\\/logo\\\/image\\\/\"}}]}<\/script>\n<!-- \/ Yoast SEO plugin. -->","yoast_head_json":{"title":"A propos - www.lustlivinginterior.com","description":"Que ce soit pour un projet commercial ou r\u00e9sidentiel, L\u00e9a, au sein de son studio d'Architecture d'int\u00e9rieur Lust Living Interior, met en \u0153uvre son savoir-faire pour cr\u00e9er des univers qui ont pour ambition de cr\u00e9er des \u00e9motions, fonctionnels et sensibles.","robots":{"index":"index","follow":"follow","max-snippet":"max-snippet:-1","max-image-preview":"max-image-preview:large","max-video-preview":"max-video-preview:-1"},"canonical":"https:\/\/lustlivinginterior.com\/?page_id=12","og_locale":"en_US","og_type":"article","og_title":"A propos - www.lustlivinginterior.com","og_description":"Que ce soit pour un projet commercial ou r\u00e9sidentiel, L\u00e9a, au sein de son studio d'Architecture d'int\u00e9rieur Lust Living Interior, met en \u0153uvre son savoir-faire pour cr\u00e9er des univers qui ont pour ambition de cr\u00e9er des \u00e9motions, fonctionnels et sensibles.","og_url":"https:\/\/lustlivinginterior.com\/?page_id=12","og_site_name":"www.lustlivinginterior.com","article_modified_time":"2024-05-21T13:42:26+00:00","og_image":[{"url":"http:\/\/lustlivinginterior.com\/wp-content\/uploads\/2024\/02\/retouchee-v2-768x1166.jpg","type":"","width":"","height":""}],"twitter_card":"summary_large_image","twitter_misc":{"Est. reading time":"2 minutes"},"schema":{"@context":"https:\/\/schema.org","@graph":[{"@type":["WebPage","AboutPage"],"@id":"https:\/\/lustlivinginterior.com\/?page_id=12","url":"https:\/\/lustlivinginterior.com\/?page_id=12","name":"A propos - www.lustlivinginterior.com","isPartOf":{"@id":"https:\/\/lustlivinginterior.com\/#website"},"primaryImageOfPage":{"@id":"https:\/\/lustlivinginterior.com\/?page_id=12#primaryimage"},"image":{"@id":"https:\/\/lustlivinginterior.com\/?page_id=12#primaryimage"},"thumbnailUrl":"http:\/\/lustlivinginterior.com\/wp-content\/uploads\/2024\/02\/retouchee-v2-768x1166.jpg","datePublished":"2023-12-27T10:23:35+00:00","dateModified":"2024-05-21T13:42:26+00:00","description":"Que ce soit pour un projet commercial ou r\u00e9sidentiel, L\u00e9a, au sein de son studio d'Architecture d'int\u00e9rieur Lust Living Interior, met en \u0153uvre son savoir-faire pour cr\u00e9er des univers qui ont pour ambition de cr\u00e9er des \u00e9motions, fonctionnels et sensibles.","breadcrumb":{"@id":"https:\/\/lustlivinginterior.com\/?page_id=12#breadcrumb"},"inLanguage":"en-US","potentialAction":[{"@type":"ReadAction","target":["https:\/\/lustlivinginterior.com\/?page_id=12"]}]},{"@type":"ImageObject","inLanguage":"en-US","@id":"https:\/\/lustlivinginterior.com\/?page_id=12#primaryimage","url":"http:\/\/lustlivinginterior.com\/wp-content\/uploads\/2024\/02\/retouchee-v2-768x1166.jpg","contentUrl":"http:\/\/lustlivinginterior.com\/wp-content\/uploads\/2024\/02\/retouchee-v2-768x1166.jpg"},{"@type":"BreadcrumbList","@id":"https:\/\/lustlivinginterior.com\/?page_id=12#breadcrumb","itemListElement":[{"@type":"ListItem","position":1,"name":"Accueil","item":"https:\/\/lustlivinginterior.com\/"},{"@type":"ListItem","position":2,"name":"A propos"}]},{"@type":"WebSite","@id":"https:\/\/lustlivinginterior.com\/#website","url":"https:\/\/lustlivinginterior.com\/","name":"www.lustlivinginterior.com","description":"","publisher":{"@id":"https:\/\/lustlivinginterior.com\/#organization"},"potentialAction":[{"@type":"SearchAction","target":{"@type":"EntryPoint","urlTemplate":"https:\/\/lustlivinginterior.com\/?s={search_term_string}"},"query-input":{"@type":"PropertyValueSpecification","valueRequired":true,"valueName":"search_term_string"}}],"inLanguage":"en-US"},{"@type":"Organization","@id":"https:\/\/lustlivinginterior.com\/#organization","name":"www.lustlivinginterior.com","url":"https:\/\/lustlivinginterior.com\/","logo":{"@type":"ImageObject","inLanguage":"en-US","@id":"https:\/\/lustlivinginterior.com\/#\/schema\/logo\/image\/","url":"https:\/\/lustlivinginterior.com\/wp-content\/uploads\/2024\/01\/cropped-LLI-LOGO-ENTIER-CENTRE-scaled-1.jpg","contentUrl":"https:\/\/lustlivinginterior.com\/wp-content\/uploads\/2024\/01\/cropped-LLI-LOGO-ENTIER-CENTRE-scaled-1.jpg","width":1807,"height":1289,"caption":"www.lustlivinginterior.com"},"image":{"@id":"https:\/\/lustlivinginterior.com\/#\/schema\/logo\/image\/"}}]}},"_links":{"self":[{"href":"https:\/\/lustlivinginterior.com\/index.php?rest_route=\/wp\/v2\/pages\/12","targetHints":{"allow":["GET"]}}],"collection":[{"href":"https:\/\/lustlivinginterior.com\/index.php?rest_route=\/wp\/v2\/pages"}],"about":[{"href":"https:\/\/lustlivinginterior.com\/index.php?rest_route=\/wp\/v2\/types\/page"}],"author":[{"embeddable":true,"href":"https:\/\/lustlivinginterior.com\/index.php?rest_route=\/wp\/v2\/users\/1"}],"replies":[{"embeddable":true,"href":"https:\/\/lustlivinginterior.com\/index.php?rest_route=%2Fwp%2Fv2%2Fcomments&post=12"}],"version-history":[{"count":70,"href":"https:\/\/lustlivinginterior.com\/index.php?rest_route=\/wp\/v2\/pages\/12\/revisions"}],"predecessor-version":[{"id":951,"href":"https:\/\/lustlivinginterior.com\/index.php?rest_route=\/wp\/v2\/pages\/12\/revisions\/951"}],"wp:attachment":[{"href":"https:\/\/lustlivinginterior.com\/index.php?rest_route=%2Fwp%2Fv2%2Fmedia&parent=12"}],"curies":[{"name":"wp","href":"https:\/\/api.w.org\/{rel}","templated":true}]}}