{"id":150,"date":"2023-12-28T17:41:43","date_gmt":"2023-12-28T16:41:43","guid":{"rendered":"https:\/\/lustlivinginterior.com\/?page_id=150"},"modified":"2024-07-05T12:14:48","modified_gmt":"2024-07-05T10:14:48","slug":"le-carnet-technique","status":"publish","type":"page","link":"https:\/\/lustlivinginterior.com\/?page_id=150","title":{"rendered":"Le carnet Technique"},"content":{"rendered":"\t\t<div data-elementor-type=\"wp-page\" data-elementor-id=\"150\" class=\"elementor elementor-150\">\n\t\t\t\t<div class=\"elementor-element elementor-element-9ca7f56 e-flex e-con-boxed e-con e-parent\" data-id=\"9ca7f56\" data-element_type=\"container\" data-e-type=\"container\" data-settings=\"{&quot;background_background&quot;:&quot;classic&quot;}\">\n\t\t\t\t\t<div class=\"e-con-inner\">\n\t\t\t\t<div class=\"elementor-element elementor-element-174fb7a elementor-widget elementor-widget-heading\" data-id=\"174fb7a\" data-element_type=\"widget\" data-e-type=\"widget\" data-widget_type=\"heading.default\">\n\t\t\t\t<div class=\"elementor-widget-container\">\n\t\t\t\t\t<h2 class=\"elementor-heading-title elementor-size-default\">LE CARNET TECHNIQUE<\/h2>\t\t\t\t<\/div>\n\t\t\t\t<\/div>\n\t\t\t\t\t<\/div>\n\t\t\t\t<\/div>\n\t\t<div class=\"elementor-element elementor-element-65dd2a4 e-flex e-con-boxed e-con e-parent\" data-id=\"65dd2a4\" data-element_type=\"container\" data-e-type=\"container\">\n\t\t\t\t\t<div class=\"e-con-inner\">\n\t\t\t\t<div class=\"elementor-element elementor-element-099d81e elementor-widget elementor-widget-spacer\" data-id=\"099d81e\" data-element_type=\"widget\" data-e-type=\"widget\" data-widget_type=\"spacer.default\">\n\t\t\t\t<div class=\"elementor-widget-container\">\n\t\t\t\t\t\t\t<div class=\"elementor-spacer\">\n\t\t\t<div class=\"elementor-spacer-inner\"><\/div>\n\t\t<\/div>\n\t\t\t\t\t\t<\/div>\n\t\t\t\t<\/div>\n\t\t\t\t<div class=\"elementor-element elementor-element-582f839 elementor-widget elementor-widget-text-editor\" data-id=\"582f839\" data-element_type=\"widget\" data-e-type=\"widget\" data-widget_type=\"text-editor.default\">\n\t\t\t\t<div class=\"elementor-widget-container\">\n\t\t\t\t\t\t\t\t\t<p>Le carnet technique compl\u00e8te le carnet d\u2019\u00e9tude. Il d\u00e9veloppe la partie technique du projet et cadre sa bonne ex\u00e9cution. Il permet la bonne compr\u00e9hension du projet et permettra de guider les artisans dans les diff\u00e9rentes mises en oeuvre de fa\u00e7on pr\u00e9cise. Chaque aspect du projet est abord\u00e9 afin de garantir la ma\u00eetrise de sa r\u00e9alisation.<\/p>\t\t\t\t\t\t\t\t<\/div>\n\t\t\t\t<\/div>\n\t\t\t\t<div class=\"elementor-element elementor-element-4150d6f elementor-widget elementor-widget-heading\" data-id=\"4150d6f\" data-element_type=\"widget\" data-e-type=\"widget\" data-widget_type=\"heading.default\">\n\t\t\t\t<div class=\"elementor-widget-container\">\n\t\t\t\t\t<h2 class=\"elementor-heading-title elementor-size-default\">Vous pouvez ensuite suivre vous m\u00eame la r\u00e9alisation des travaux \u00e0 l\u2019aide de ce document, ou vous pouvez choisir notre accompagnement continu, le Book Projet.<\/h2>\t\t\t\t<\/div>\n\t\t\t\t<\/div>\n\t\t\t\t<div class=\"elementor-element elementor-element-c09993d elementor-widget elementor-widget-spacer\" data-id=\"c09993d\" data-element_type=\"widget\" data-e-type=\"widget\" data-widget_type=\"spacer.default\">\n\t\t\t\t<div class=\"elementor-widget-container\">\n\t\t\t\t\t\t\t<div class=\"elementor-spacer\">\n\t\t\t<div class=\"elementor-spacer-inner\"><\/div>\n\t\t<\/div>\n\t\t\t\t\t\t<\/div>\n\t\t\t\t<\/div>\n\t\t\t\t\t<\/div>\n\t\t\t\t<\/div>\n\t\t<div class=\"elementor-element elementor-element-3a44033 e-flex e-con-boxed e-con e-parent\" data-id=\"3a44033\" data-element_type=\"container\" data-e-type=\"container\" data-settings=\"{&quot;background_background&quot;:&quot;classic&quot;}\">\n\t\t\t\t\t<div class=\"e-con-inner\">\n\t\t\t\t<div class=\"elementor-element elementor-element-3fe9905 elementor-widget elementor-widget-spacer\" data-id=\"3fe9905\" data-element_type=\"widget\" data-e-type=\"widget\" data-widget_type=\"spacer.default\">\n\t\t\t\t<div class=\"elementor-widget-container\">\n\t\t\t\t\t\t\t<div class=\"elementor-spacer\">\n\t\t\t<div class=\"elementor-spacer-inner\"><\/div>\n\t\t<\/div>\n\t\t\t\t\t\t<\/div>\n\t\t\t\t<\/div>\n\t\t\t\t<div class=\"elementor-element elementor-element-44d42c2 elementor-widget elementor-widget-heading\" data-id=\"44d42c2\" data-element_type=\"widget\" data-e-type=\"widget\" data-widget_type=\"heading.default\">\n\t\t\t\t<div class=\"elementor-widget-container\">\n\t\t\t\t\t<h2 class=\"elementor-heading-title elementor-size-default\">La prestation<\/h2>\t\t\t\t<\/div>\n\t\t\t\t<\/div>\n\t\t\t\t<div class=\"elementor-element elementor-element-33866db elementor-widget elementor-widget-text-editor\" data-id=\"33866db\" data-element_type=\"widget\" data-e-type=\"widget\" data-widget_type=\"text-editor.default\">\n\t\t\t\t<div class=\"elementor-widget-container\">\n\t\t\t\t\t\t\t\t\t<p>Le carnet technique comprend, en plus du carnet d&#8217;\u00e9tude :<\/p>\n<p>L&#8217;\u00e9laboration des plans techniques par lot ainsi que des \u00e9l\u00e9vations et plans de d\u00e9tail n\u00e9cessaires \u00e0 la conduite du projet et son chiffrage.<\/p>\n<p>L&#8217;\u00e9laboration des plans de d\u00e9tail des mobiliers sur mesure qui permettront la r\u00e9alisation des mobiliers souhait\u00e9s et d\u2019\u00e9tablir le chiffrage aupr\u00e8s de l&#8217;artisan s\u00e9lectionn\u00e9.<\/p>\n<p>La prescription mat\u00e9riaux, fournitures, luminaires et gros mobilier qui permettra de pr\u00e9ciser le projet final et de gagner du temps dans les commandes.<\/p>\n<p>La r\u00e9alisation de 3D r\u00e9alistes afin de vous projeter dans votre projet.<\/p>\t\t\t\t\t\t\t\t<\/div>\n\t\t\t\t<\/div>\n\t\t\t\t<div class=\"elementor-element elementor-element-b771fa3 elementor-align-center elementor-widget elementor-widget-button\" data-id=\"b771fa3\" data-element_type=\"widget\" data-e-type=\"widget\" data-widget_type=\"button.default\">\n\t\t\t\t<div class=\"elementor-widget-container\">\n\t\t\t\t\t\t\t\t\t<div class=\"elementor-button-wrapper\">\n\t\t\t\t\t<a class=\"elementor-button elementor-button-link elementor-size-md\" href=\"https:\/\/lustlivinginterior.com\/?page_id=15\">\n\t\t\t\t\t\t<span class=\"elementor-button-content-wrapper\">\n\t\t\t\t\t\t\t\t\t<span class=\"elementor-button-text\">Demander un devis<\/span>\n\t\t\t\t\t<\/span>\n\t\t\t\t\t<\/a>\n\t\t\t\t<\/div>\n\t\t\t\t\t\t\t\t<\/div>\n\t\t\t\t<\/div>\n\t\t\t\t<div class=\"elementor-element elementor-element-ae3ae76 elementor-widget elementor-widget-spacer\" data-id=\"ae3ae76\" data-element_type=\"widget\" data-e-type=\"widget\" data-widget_type=\"spacer.default\">\n\t\t\t\t<div class=\"elementor-widget-container\">\n\t\t\t\t\t\t\t<div class=\"elementor-spacer\">\n\t\t\t<div class=\"elementor-spacer-inner\"><\/div>\n\t\t<\/div>\n\t\t\t\t\t\t<\/div>\n\t\t\t\t<\/div>\n\t\t\t\t\t<\/div>\n\t\t\t\t<\/div>\n\t\t\t\t<\/div>\n\t\t","protected":false},"excerpt":{"rendered":"<p>LE CARNET TECHNIQUE Le carnet technique compl\u00e8te le carnet d\u2019\u00e9tude. Il d\u00e9veloppe la partie technique du projet et cadre sa bonne ex\u00e9cution. Il permet la bonne compr\u00e9hension du projet et permettra de guider les artisans dans les diff\u00e9rentes mises en oeuvre de fa\u00e7on pr\u00e9cise. Chaque aspect du projet est abord\u00e9 afin de garantir la ma\u00eetrise [&hellip;]<\/p>\n","protected":false},"author":1,"featured_media":0,"parent":0,"menu_order":0,"comment_status":"closed","ping_status":"closed","template":"","meta":{"_monsterinsights_skip_tracking":false,"_monsterinsights_sitenote_active":false,"_monsterinsights_sitenote_note":"","_monsterinsights_sitenote_category":0,"ocean_post_layout":"","ocean_both_sidebars_style":"","ocean_both_sidebars_content_width":0,"ocean_both_sidebars_sidebars_width":0,"ocean_sidebar":"","ocean_second_sidebar":"","ocean_disable_margins":"enable","ocean_add_body_class":"","ocean_shortcode_before_top_bar":"","ocean_shortcode_after_top_bar":"","ocean_shortcode_before_header":"","ocean_shortcode_after_header":"","ocean_has_shortcode":"","ocean_shortcode_after_title":"","ocean_shortcode_before_footer_widgets":"","ocean_shortcode_after_footer_widgets":"","ocean_shortcode_before_footer_bottom":"","ocean_shortcode_after_footer_bottom":"","ocean_display_top_bar":"default","ocean_display_header":"default","ocean_header_style":"","ocean_center_header_left_menu":"","ocean_custom_header_template":"","ocean_custom_logo":0,"ocean_custom_retina_logo":0,"ocean_custom_logo_max_width":0,"ocean_custom_logo_tablet_max_width":0,"ocean_custom_logo_mobile_max_width":0,"ocean_custom_logo_max_height":0,"ocean_custom_logo_tablet_max_height":0,"ocean_custom_logo_mobile_max_height":0,"ocean_header_custom_menu":"","ocean_menu_typo_font_family":"","ocean_menu_typo_font_subset":"","ocean_menu_typo_font_size":0,"ocean_menu_typo_font_size_tablet":0,"ocean_menu_typo_font_size_mobile":0,"ocean_menu_typo_font_size_unit":"px","ocean_menu_typo_font_weight":"","ocean_menu_typo_font_weight_tablet":"","ocean_menu_typo_font_weight_mobile":"","ocean_menu_typo_transform":"","ocean_menu_typo_transform_tablet":"","ocean_menu_typo_transform_mobile":"","ocean_menu_typo_line_height":0,"ocean_menu_typo_line_height_tablet":0,"ocean_menu_typo_line_height_mobile":0,"ocean_menu_typo_line_height_unit":"","ocean_menu_typo_spacing":0,"ocean_menu_typo_spacing_tablet":0,"ocean_menu_typo_spacing_mobile":0,"ocean_menu_typo_spacing_unit":"","ocean_menu_link_color":"","ocean_menu_link_color_hover":"","ocean_menu_link_color_active":"","ocean_menu_link_background":"","ocean_menu_link_hover_background":"","ocean_menu_link_active_background":"","ocean_menu_social_links_bg":"","ocean_menu_social_hover_links_bg":"","ocean_menu_social_links_color":"","ocean_menu_social_hover_links_color":"","ocean_disable_title":"default","ocean_disable_heading":"default","ocean_post_title":"","ocean_post_subheading":"","ocean_post_title_style":"","ocean_post_title_background_color":"","ocean_post_title_background":0,"ocean_post_title_bg_image_position":"","ocean_post_title_bg_image_attachment":"","ocean_post_title_bg_image_repeat":"","ocean_post_title_bg_image_size":"","ocean_post_title_height":0,"ocean_post_title_bg_overlay":0.5,"ocean_post_title_bg_overlay_color":"","ocean_disable_breadcrumbs":"default","ocean_breadcrumbs_color":"","ocean_breadcrumbs_separator_color":"","ocean_breadcrumbs_links_color":"","ocean_breadcrumbs_links_hover_color":"","ocean_display_footer_widgets":"default","ocean_display_footer_bottom":"default","ocean_custom_footer_template":"","footnotes":""},"class_list":["post-150","page","type-page","status-publish","hentry","entry"],"yoast_head":"<!-- This site is optimized with the Yoast SEO plugin v27.3 - https:\/\/yoast.com\/product\/yoast-seo-wordpress\/ -->\n<title>Le carnet Technique - www.lustlivinginterior.com<\/title>\n<meta name=\"description\" content=\"Le carnet technique d\u00e9veloppe la partie technique du projet et cadre sa bonne ex\u00e9cution. Il permettra de guider les artisans dans les diff\u00e9rentes mises en oeuvre de fa\u00e7on pr\u00e9cise.\" \/>\n<meta name=\"robots\" content=\"index, follow, max-snippet:-1, max-image-preview:large, max-video-preview:-1\" \/>\n<link rel=\"canonical\" href=\"https:\/\/lustlivinginterior.com\/?page_id=150\" \/>\n<meta property=\"og:locale\" content=\"en_US\" \/>\n<meta property=\"og:type\" content=\"article\" \/>\n<meta property=\"og:title\" content=\"Le carnet Technique - www.lustlivinginterior.com\" \/>\n<meta property=\"og:description\" content=\"Le carnet technique d\u00e9veloppe la partie technique du projet et cadre sa bonne ex\u00e9cution. Il permettra de guider les artisans dans les diff\u00e9rentes mises en oeuvre de fa\u00e7on pr\u00e9cise.\" \/>\n<meta property=\"og:url\" content=\"https:\/\/lustlivinginterior.com\/?page_id=150\" \/>\n<meta property=\"og:site_name\" content=\"www.lustlivinginterior.com\" \/>\n<meta property=\"article:modified_time\" content=\"2024-07-05T10:14:48+00:00\" \/>\n<meta name=\"twitter:card\" content=\"summary_large_image\" \/>\n<meta name=\"twitter:label1\" content=\"Est. reading time\" \/>\n\t<meta name=\"twitter:data1\" content=\"1 minute\" \/>\n<script type=\"application\/ld+json\" class=\"yoast-schema-graph\">{\"@context\":\"https:\\\/\\\/schema.org\",\"@graph\":[{\"@type\":\"WebPage\",\"@id\":\"https:\\\/\\\/lustlivinginterior.com\\\/?page_id=150\",\"url\":\"https:\\\/\\\/lustlivinginterior.com\\\/?page_id=150\",\"name\":\"Le carnet Technique - www.lustlivinginterior.com\",\"isPartOf\":{\"@id\":\"https:\\\/\\\/lustlivinginterior.com\\\/#website\"},\"datePublished\":\"2023-12-28T16:41:43+00:00\",\"dateModified\":\"2024-07-05T10:14:48+00:00\",\"description\":\"Le carnet technique d\u00e9veloppe la partie technique du projet et cadre sa bonne ex\u00e9cution. Il permettra de guider les artisans dans les diff\u00e9rentes mises en oeuvre de fa\u00e7on pr\u00e9cise.\",\"breadcrumb\":{\"@id\":\"https:\\\/\\\/lustlivinginterior.com\\\/?page_id=150#breadcrumb\"},\"inLanguage\":\"en-US\",\"potentialAction\":[{\"@type\":\"ReadAction\",\"target\":[\"https:\\\/\\\/lustlivinginterior.com\\\/?page_id=150\"]}]},{\"@type\":\"BreadcrumbList\",\"@id\":\"https:\\\/\\\/lustlivinginterior.com\\\/?page_id=150#breadcrumb\",\"itemListElement\":[{\"@type\":\"ListItem\",\"position\":1,\"name\":\"Accueil\",\"item\":\"https:\\\/\\\/lustlivinginterior.com\\\/\"},{\"@type\":\"ListItem\",\"position\":2,\"name\":\"Le carnet Technique\"}]},{\"@type\":\"WebSite\",\"@id\":\"https:\\\/\\\/lustlivinginterior.com\\\/#website\",\"url\":\"https:\\\/\\\/lustlivinginterior.com\\\/\",\"name\":\"www.lustlivinginterior.com\",\"description\":\"\",\"publisher\":{\"@id\":\"https:\\\/\\\/lustlivinginterior.com\\\/#organization\"},\"potentialAction\":[{\"@type\":\"SearchAction\",\"target\":{\"@type\":\"EntryPoint\",\"urlTemplate\":\"https:\\\/\\\/lustlivinginterior.com\\\/?s={search_term_string}\"},\"query-input\":{\"@type\":\"PropertyValueSpecification\",\"valueRequired\":true,\"valueName\":\"search_term_string\"}}],\"inLanguage\":\"en-US\"},{\"@type\":\"Organization\",\"@id\":\"https:\\\/\\\/lustlivinginterior.com\\\/#organization\",\"name\":\"www.lustlivinginterior.com\",\"url\":\"https:\\\/\\\/lustlivinginterior.com\\\/\",\"logo\":{\"@type\":\"ImageObject\",\"inLanguage\":\"en-US\",\"@id\":\"https:\\\/\\\/lustlivinginterior.com\\\/#\\\/schema\\\/logo\\\/image\\\/\",\"url\":\"https:\\\/\\\/lustlivinginterior.com\\\/wp-content\\\/uploads\\\/2024\\\/01\\\/cropped-LLI-LOGO-ENTIER-CENTRE-scaled-1.jpg\",\"contentUrl\":\"https:\\\/\\\/lustlivinginterior.com\\\/wp-content\\\/uploads\\\/2024\\\/01\\\/cropped-LLI-LOGO-ENTIER-CENTRE-scaled-1.jpg\",\"width\":1807,\"height\":1289,\"caption\":\"www.lustlivinginterior.com\"},\"image\":{\"@id\":\"https:\\\/\\\/lustlivinginterior.com\\\/#\\\/schema\\\/logo\\\/image\\\/\"}}]}<\/script>\n<!-- \/ Yoast SEO plugin. -->","yoast_head_json":{"title":"Le carnet Technique - www.lustlivinginterior.com","description":"Le carnet technique d\u00e9veloppe la partie technique du projet et cadre sa bonne ex\u00e9cution. Il permettra de guider les artisans dans les diff\u00e9rentes mises en oeuvre de fa\u00e7on pr\u00e9cise.","robots":{"index":"index","follow":"follow","max-snippet":"max-snippet:-1","max-image-preview":"max-image-preview:large","max-video-preview":"max-video-preview:-1"},"canonical":"https:\/\/lustlivinginterior.com\/?page_id=150","og_locale":"en_US","og_type":"article","og_title":"Le carnet Technique - www.lustlivinginterior.com","og_description":"Le carnet technique d\u00e9veloppe la partie technique du projet et cadre sa bonne ex\u00e9cution. Il permettra de guider les artisans dans les diff\u00e9rentes mises en oeuvre de fa\u00e7on pr\u00e9cise.","og_url":"https:\/\/lustlivinginterior.com\/?page_id=150","og_site_name":"www.lustlivinginterior.com","article_modified_time":"2024-07-05T10:14:48+00:00","twitter_card":"summary_large_image","twitter_misc":{"Est. reading time":"1 minute"},"schema":{"@context":"https:\/\/schema.org","@graph":[{"@type":"WebPage","@id":"https:\/\/lustlivinginterior.com\/?page_id=150","url":"https:\/\/lustlivinginterior.com\/?page_id=150","name":"Le carnet Technique - www.lustlivinginterior.com","isPartOf":{"@id":"https:\/\/lustlivinginterior.com\/#website"},"datePublished":"2023-12-28T16:41:43+00:00","dateModified":"2024-07-05T10:14:48+00:00","description":"Le carnet technique d\u00e9veloppe la partie technique du projet et cadre sa bonne ex\u00e9cution. Il permettra de guider les artisans dans les diff\u00e9rentes mises en oeuvre de fa\u00e7on pr\u00e9cise.","breadcrumb":{"@id":"https:\/\/lustlivinginterior.com\/?page_id=150#breadcrumb"},"inLanguage":"en-US","potentialAction":[{"@type":"ReadAction","target":["https:\/\/lustlivinginterior.com\/?page_id=150"]}]},{"@type":"BreadcrumbList","@id":"https:\/\/lustlivinginterior.com\/?page_id=150#breadcrumb","itemListElement":[{"@type":"ListItem","position":1,"name":"Accueil","item":"https:\/\/lustlivinginterior.com\/"},{"@type":"ListItem","position":2,"name":"Le carnet Technique"}]},{"@type":"WebSite","@id":"https:\/\/lustlivinginterior.com\/#website","url":"https:\/\/lustlivinginterior.com\/","name":"www.lustlivinginterior.com","description":"","publisher":{"@id":"https:\/\/lustlivinginterior.com\/#organization"},"potentialAction":[{"@type":"SearchAction","target":{"@type":"EntryPoint","urlTemplate":"https:\/\/lustlivinginterior.com\/?s={search_term_string}"},"query-input":{"@type":"PropertyValueSpecification","valueRequired":true,"valueName":"search_term_string"}}],"inLanguage":"en-US"},{"@type":"Organization","@id":"https:\/\/lustlivinginterior.com\/#organization","name":"www.lustlivinginterior.com","url":"https:\/\/lustlivinginterior.com\/","logo":{"@type":"ImageObject","inLanguage":"en-US","@id":"https:\/\/lustlivinginterior.com\/#\/schema\/logo\/image\/","url":"https:\/\/lustlivinginterior.com\/wp-content\/uploads\/2024\/01\/cropped-LLI-LOGO-ENTIER-CENTRE-scaled-1.jpg","contentUrl":"https:\/\/lustlivinginterior.com\/wp-content\/uploads\/2024\/01\/cropped-LLI-LOGO-ENTIER-CENTRE-scaled-1.jpg","width":1807,"height":1289,"caption":"www.lustlivinginterior.com"},"image":{"@id":"https:\/\/lustlivinginterior.com\/#\/schema\/logo\/image\/"}}]}},"_links":{"self":[{"href":"https:\/\/lustlivinginterior.com\/index.php?rest_route=\/wp\/v2\/pages\/150","targetHints":{"allow":["GET"]}}],"collection":[{"href":"https:\/\/lustlivinginterior.com\/index.php?rest_route=\/wp\/v2\/pages"}],"about":[{"href":"https:\/\/lustlivinginterior.com\/index.php?rest_route=\/wp\/v2\/types\/page"}],"author":[{"embeddable":true,"href":"https:\/\/lustlivinginterior.com\/index.php?rest_route=\/wp\/v2\/users\/1"}],"replies":[{"embeddable":true,"href":"https:\/\/lustlivinginterior.com\/index.php?rest_route=%2Fwp%2Fv2%2Fcomments&post=150"}],"version-history":[{"count":76,"href":"https:\/\/lustlivinginterior.com\/index.php?rest_route=\/wp\/v2\/pages\/150\/revisions"}],"predecessor-version":[{"id":1110,"href":"https:\/\/lustlivinginterior.com\/index.php?rest_route=\/wp\/v2\/pages\/150\/revisions\/1110"}],"wp:attachment":[{"href":"https:\/\/lustlivinginterior.com\/index.php?rest_route=%2Fwp%2Fv2%2Fmedia&parent=150"}],"curies":[{"name":"wp","href":"https:\/\/api.w.org\/{rel}","templated":true}]}}