{"id":152,"date":"2023-12-28T17:42:03","date_gmt":"2023-12-28T16:42:03","guid":{"rendered":"https:\/\/lustlivinginterior.com\/?page_id=152"},"modified":"2024-07-05T12:18:08","modified_gmt":"2024-07-05T10:18:08","slug":"le-suivi-de-chantier","status":"publish","type":"page","link":"https:\/\/lustlivinginterior.com\/?page_id=152","title":{"rendered":"Le book projet"},"content":{"rendered":"\t\t<div data-elementor-type=\"wp-page\" data-elementor-id=\"152\" class=\"elementor elementor-152\">\n\t\t\t\t<div class=\"elementor-element elementor-element-c22994e e-con-full e-flex e-con e-parent\" data-id=\"c22994e\" data-element_type=\"container\" data-e-type=\"container\" data-settings=\"{&quot;background_background&quot;:&quot;classic&quot;}\">\n\t\t\t\t<div class=\"elementor-element elementor-element-e46f78d elementor-widget elementor-widget-heading\" data-id=\"e46f78d\" data-element_type=\"widget\" data-e-type=\"widget\" data-widget_type=\"heading.default\">\n\t\t\t\t<div class=\"elementor-widget-container\">\n\t\t\t\t\t<h2 class=\"elementor-heading-title elementor-size-default\">LE BOOK PROJET<\/h2>\t\t\t\t<\/div>\n\t\t\t\t<\/div>\n\t\t\t\t<\/div>\n\t\t<div class=\"elementor-element elementor-element-836f077 e-flex e-con-boxed e-con e-parent\" data-id=\"836f077\" data-element_type=\"container\" data-e-type=\"container\">\n\t\t\t\t\t<div class=\"e-con-inner\">\n\t\t\t\t<div class=\"elementor-element elementor-element-d8ad7cc elementor-widget elementor-widget-spacer\" data-id=\"d8ad7cc\" data-element_type=\"widget\" data-e-type=\"widget\" data-widget_type=\"spacer.default\">\n\t\t\t\t<div class=\"elementor-widget-container\">\n\t\t\t\t\t\t\t<div class=\"elementor-spacer\">\n\t\t\t<div class=\"elementor-spacer-inner\"><\/div>\n\t\t<\/div>\n\t\t\t\t\t\t<\/div>\n\t\t\t\t<\/div>\n\t\t\t\t<div class=\"elementor-element elementor-element-e9ea2c4 elementor-widget elementor-widget-text-editor\" data-id=\"e9ea2c4\" data-element_type=\"widget\" data-e-type=\"widget\" data-widget_type=\"text-editor.default\">\n\t\t\t\t<div class=\"elementor-widget-container\">\n\t\t\t\t\t\t\t\t\t<p>Le Book Projet est notre prestation la plus compl\u00e8te. Il comprend, en plus de la conception et de la r\u00e9alisation des documents techniques de votre projet, le suivi des travaux d&#8217;ex\u00e9cution.<\/p><p>A cette \u00e9tape, je vous repr\u00e9sente et vous accompagne tout au long des travaux. Mon r\u00f4le est d\u2019assurer la qualit\u00e9 et la conformit\u00e9 de la mise en oeuvre dans le respect de vos attentes.<\/p>\t\t\t\t\t\t\t\t<\/div>\n\t\t\t\t<\/div>\n\t\t\t\t<div class=\"elementor-element elementor-element-3e5c815 elementor-widget elementor-widget-spacer\" data-id=\"3e5c815\" data-element_type=\"widget\" data-e-type=\"widget\" data-widget_type=\"spacer.default\">\n\t\t\t\t<div class=\"elementor-widget-container\">\n\t\t\t\t\t\t\t<div class=\"elementor-spacer\">\n\t\t\t<div class=\"elementor-spacer-inner\"><\/div>\n\t\t<\/div>\n\t\t\t\t\t\t<\/div>\n\t\t\t\t<\/div>\n\t\t\t\t\t<\/div>\n\t\t\t\t<\/div>\n\t\t<div class=\"elementor-element elementor-element-73478bb e-flex e-con-boxed e-con e-parent\" data-id=\"73478bb\" data-element_type=\"container\" data-e-type=\"container\" data-settings=\"{&quot;background_background&quot;:&quot;classic&quot;}\">\n\t\t\t\t\t<div class=\"e-con-inner\">\n\t\t\t\t<div class=\"elementor-element elementor-element-0426dd9 elementor-widget elementor-widget-spacer\" data-id=\"0426dd9\" data-element_type=\"widget\" data-e-type=\"widget\" data-widget_type=\"spacer.default\">\n\t\t\t\t<div class=\"elementor-widget-container\">\n\t\t\t\t\t\t\t<div class=\"elementor-spacer\">\n\t\t\t<div class=\"elementor-spacer-inner\"><\/div>\n\t\t<\/div>\n\t\t\t\t\t\t<\/div>\n\t\t\t\t<\/div>\n\t\t\t\t<div class=\"elementor-element elementor-element-596c63b elementor-widget elementor-widget-heading\" data-id=\"596c63b\" data-element_type=\"widget\" data-e-type=\"widget\" data-widget_type=\"heading.default\">\n\t\t\t\t<div class=\"elementor-widget-container\">\n\t\t\t\t\t<h2 class=\"elementor-heading-title elementor-size-default\">La prestation<\/h2>\t\t\t\t<\/div>\n\t\t\t\t<\/div>\n\t\t\t\t<div class=\"elementor-element elementor-element-25a2b43 elementor-widget elementor-widget-text-editor\" data-id=\"25a2b43\" data-element_type=\"widget\" data-e-type=\"widget\" data-widget_type=\"text-editor.default\">\n\t\t\t\t<div class=\"elementor-widget-container\">\n\t\t\t\t\t\t\t\t\t<p>En plus du carnet d&#8217;\u00e9tude et du carnet technique, le book projet comprend:<\/p><p>R\u00e9alisation du descriptif travaux et constitution du dossier de consultation des&nbsp;<span style=\"font-size: 14px; color: var( --e-global-color-text ); text-align: var(--text-align);\">entreprises qui permettra de conduire le projet et aux entreprises et artisans consult\u00e9s de r\u00e9aliser un chiffrage pr\u00e9cis.<\/span><\/p>\n<p><span style=\"font-size: 14px; color: var( --e-global-color-text ); text-align: var(--text-align);\">Appel d\u2019offre, \u00e9tude budg\u00e9taire et s\u00e9lection des entreprises et artisans qui r\u00e9aliseront le chantier.<\/span><\/p>\n<p>Veille \u00e0 la conformit\u00e9 de la r\u00e9alisation des travaux par rapport aux plans et aide aux entreprises en ce sens.<\/p>\n<p>Accompagnement des entreprises ou de vous-m\u00eame dans les commandes de fournitures et mat\u00e9riaux.<\/p>\n<p>Suivi budg\u00e9taire et administratif.<\/p>\n<p>R\u00e9daction de PV de visite et de r\u00e9ception de chantier.<\/p>\n<p><\/p>\t\t\t\t\t\t\t\t<\/div>\n\t\t\t\t<\/div>\n\t\t\t\t<div class=\"elementor-element elementor-element-9f8ae6e elementor-align-center elementor-widget elementor-widget-button\" data-id=\"9f8ae6e\" data-element_type=\"widget\" data-e-type=\"widget\" data-widget_type=\"button.default\">\n\t\t\t\t<div class=\"elementor-widget-container\">\n\t\t\t\t\t\t\t\t\t<div class=\"elementor-button-wrapper\">\n\t\t\t\t\t<a class=\"elementor-button elementor-button-link elementor-size-md\" href=\"https:\/\/lustlivinginterior.com\/?page_id=15\">\n\t\t\t\t\t\t<span class=\"elementor-button-content-wrapper\">\n\t\t\t\t\t\t\t\t\t<span class=\"elementor-button-text\">Demander un devis<\/span>\n\t\t\t\t\t<\/span>\n\t\t\t\t\t<\/a>\n\t\t\t\t<\/div>\n\t\t\t\t\t\t\t\t<\/div>\n\t\t\t\t<\/div>\n\t\t\t\t<div class=\"elementor-element elementor-element-74ba45f elementor-widget elementor-widget-spacer\" data-id=\"74ba45f\" data-element_type=\"widget\" data-e-type=\"widget\" data-widget_type=\"spacer.default\">\n\t\t\t\t<div class=\"elementor-widget-container\">\n\t\t\t\t\t\t\t<div class=\"elementor-spacer\">\n\t\t\t<div class=\"elementor-spacer-inner\"><\/div>\n\t\t<\/div>\n\t\t\t\t\t\t<\/div>\n\t\t\t\t<\/div>\n\t\t\t\t\t<\/div>\n\t\t\t\t<\/div>\n\t\t\t\t<\/div>\n\t\t","protected":false},"excerpt":{"rendered":"<p>LE BOOK PROJET Le Book Projet est notre prestation la plus compl\u00e8te. Il comprend, en plus de la conception et de la r\u00e9alisation des documents techniques de votre projet, le suivi des travaux d&#8217;ex\u00e9cution. A cette \u00e9tape, je vous repr\u00e9sente et vous accompagne tout au long des travaux. Mon r\u00f4le est d\u2019assurer la qualit\u00e9 et [&hellip;]<\/p>\n","protected":false},"author":1,"featured_media":0,"parent":0,"menu_order":0,"comment_status":"closed","ping_status":"closed","template":"","meta":{"_monsterinsights_skip_tracking":false,"_monsterinsights_sitenote_active":false,"_monsterinsights_sitenote_note":"","_monsterinsights_sitenote_category":0,"ocean_post_layout":"","ocean_both_sidebars_style":"","ocean_both_sidebars_content_width":0,"ocean_both_sidebars_sidebars_width":0,"ocean_sidebar":"","ocean_second_sidebar":"","ocean_disable_margins":"enable","ocean_add_body_class":"","ocean_shortcode_before_top_bar":"","ocean_shortcode_after_top_bar":"","ocean_shortcode_before_header":"","ocean_shortcode_after_header":"","ocean_has_shortcode":"","ocean_shortcode_after_title":"","ocean_shortcode_before_footer_widgets":"","ocean_shortcode_after_footer_widgets":"","ocean_shortcode_before_footer_bottom":"","ocean_shortcode_after_footer_bottom":"","ocean_display_top_bar":"default","ocean_display_header":"default","ocean_header_style":"","ocean_center_header_left_menu":"","ocean_custom_header_template":"","ocean_custom_logo":0,"ocean_custom_retina_logo":0,"ocean_custom_logo_max_width":0,"ocean_custom_logo_tablet_max_width":0,"ocean_custom_logo_mobile_max_width":0,"ocean_custom_logo_max_height":0,"ocean_custom_logo_tablet_max_height":0,"ocean_custom_logo_mobile_max_height":0,"ocean_header_custom_menu":"","ocean_menu_typo_font_family":"","ocean_menu_typo_font_subset":"","ocean_menu_typo_font_size":0,"ocean_menu_typo_font_size_tablet":0,"ocean_menu_typo_font_size_mobile":0,"ocean_menu_typo_font_size_unit":"px","ocean_menu_typo_font_weight":"","ocean_menu_typo_font_weight_tablet":"","ocean_menu_typo_font_weight_mobile":"","ocean_menu_typo_transform":"","ocean_menu_typo_transform_tablet":"","ocean_menu_typo_transform_mobile":"","ocean_menu_typo_line_height":0,"ocean_menu_typo_line_height_tablet":0,"ocean_menu_typo_line_height_mobile":0,"ocean_menu_typo_line_height_unit":"","ocean_menu_typo_spacing":0,"ocean_menu_typo_spacing_tablet":0,"ocean_menu_typo_spacing_mobile":0,"ocean_menu_typo_spacing_unit":"","ocean_menu_link_color":"","ocean_menu_link_color_hover":"","ocean_menu_link_color_active":"","ocean_menu_link_background":"","ocean_menu_link_hover_background":"","ocean_menu_link_active_background":"","ocean_menu_social_links_bg":"","ocean_menu_social_hover_links_bg":"","ocean_menu_social_links_color":"","ocean_menu_social_hover_links_color":"","ocean_disable_title":"default","ocean_disable_heading":"default","ocean_post_title":"","ocean_post_subheading":"","ocean_post_title_style":"","ocean_post_title_background_color":"","ocean_post_title_background":0,"ocean_post_title_bg_image_position":"","ocean_post_title_bg_image_attachment":"","ocean_post_title_bg_image_repeat":"","ocean_post_title_bg_image_size":"","ocean_post_title_height":0,"ocean_post_title_bg_overlay":0.5,"ocean_post_title_bg_overlay_color":"","ocean_disable_breadcrumbs":"default","ocean_breadcrumbs_color":"","ocean_breadcrumbs_separator_color":"","ocean_breadcrumbs_links_color":"","ocean_breadcrumbs_links_hover_color":"","ocean_display_footer_widgets":"default","ocean_display_footer_bottom":"default","ocean_custom_footer_template":"","footnotes":""},"class_list":["post-152","page","type-page","status-publish","hentry","entry"],"yoast_head":"<!-- This site is optimized with the Yoast SEO plugin v27.3 - https:\/\/yoast.com\/product\/yoast-seo-wordpress\/ -->\n<title>Le book projet - www.lustlivinginterior.com<\/title>\n<meta name=\"description\" content=\"A cette \u00e9tape, je vous repr\u00e9sente et vous accompagne tout au long des travaux. Mon r\u00f4le est d\u2019assurer la qualit\u00e9 et la conformit\u00e9 de la mise en oeuvre dans le respect des attentes, d\u00e9lais et budget\" \/>\n<meta name=\"robots\" content=\"index, follow, max-snippet:-1, max-image-preview:large, max-video-preview:-1\" \/>\n<link rel=\"canonical\" href=\"https:\/\/lustlivinginterior.com\/?page_id=152\" \/>\n<meta property=\"og:locale\" content=\"en_US\" \/>\n<meta property=\"og:type\" content=\"article\" \/>\n<meta property=\"og:title\" content=\"Le book projet - www.lustlivinginterior.com\" \/>\n<meta property=\"og:description\" content=\"A cette \u00e9tape, je vous repr\u00e9sente et vous accompagne tout au long des travaux. Mon r\u00f4le est d\u2019assurer la qualit\u00e9 et la conformit\u00e9 de la mise en oeuvre dans le respect des attentes, d\u00e9lais et budget\" \/>\n<meta property=\"og:url\" content=\"https:\/\/lustlivinginterior.com\/?page_id=152\" \/>\n<meta property=\"og:site_name\" content=\"www.lustlivinginterior.com\" \/>\n<meta property=\"article:modified_time\" content=\"2024-07-05T10:18:08+00:00\" \/>\n<meta name=\"twitter:card\" content=\"summary_large_image\" \/>\n<meta name=\"twitter:label1\" content=\"Est. reading time\" \/>\n\t<meta name=\"twitter:data1\" content=\"1 minute\" \/>\n<script type=\"application\/ld+json\" class=\"yoast-schema-graph\">{\"@context\":\"https:\\\/\\\/schema.org\",\"@graph\":[{\"@type\":\"WebPage\",\"@id\":\"https:\\\/\\\/lustlivinginterior.com\\\/?page_id=152\",\"url\":\"https:\\\/\\\/lustlivinginterior.com\\\/?page_id=152\",\"name\":\"Le book projet - www.lustlivinginterior.com\",\"isPartOf\":{\"@id\":\"https:\\\/\\\/lustlivinginterior.com\\\/#website\"},\"datePublished\":\"2023-12-28T16:42:03+00:00\",\"dateModified\":\"2024-07-05T10:18:08+00:00\",\"description\":\"A cette \u00e9tape, je vous repr\u00e9sente et vous accompagne tout au long des travaux. Mon r\u00f4le est d\u2019assurer la qualit\u00e9 et la conformit\u00e9 de la mise en oeuvre dans le respect des attentes, d\u00e9lais et budget\",\"breadcrumb\":{\"@id\":\"https:\\\/\\\/lustlivinginterior.com\\\/?page_id=152#breadcrumb\"},\"inLanguage\":\"en-US\",\"potentialAction\":[{\"@type\":\"ReadAction\",\"target\":[\"https:\\\/\\\/lustlivinginterior.com\\\/?page_id=152\"]}]},{\"@type\":\"BreadcrumbList\",\"@id\":\"https:\\\/\\\/lustlivinginterior.com\\\/?page_id=152#breadcrumb\",\"itemListElement\":[{\"@type\":\"ListItem\",\"position\":1,\"name\":\"Accueil\",\"item\":\"https:\\\/\\\/lustlivinginterior.com\\\/\"},{\"@type\":\"ListItem\",\"position\":2,\"name\":\"Le book projet\"}]},{\"@type\":\"WebSite\",\"@id\":\"https:\\\/\\\/lustlivinginterior.com\\\/#website\",\"url\":\"https:\\\/\\\/lustlivinginterior.com\\\/\",\"name\":\"www.lustlivinginterior.com\",\"description\":\"\",\"publisher\":{\"@id\":\"https:\\\/\\\/lustlivinginterior.com\\\/#organization\"},\"potentialAction\":[{\"@type\":\"SearchAction\",\"target\":{\"@type\":\"EntryPoint\",\"urlTemplate\":\"https:\\\/\\\/lustlivinginterior.com\\\/?s={search_term_string}\"},\"query-input\":{\"@type\":\"PropertyValueSpecification\",\"valueRequired\":true,\"valueName\":\"search_term_string\"}}],\"inLanguage\":\"en-US\"},{\"@type\":\"Organization\",\"@id\":\"https:\\\/\\\/lustlivinginterior.com\\\/#organization\",\"name\":\"www.lustlivinginterior.com\",\"url\":\"https:\\\/\\\/lustlivinginterior.com\\\/\",\"logo\":{\"@type\":\"ImageObject\",\"inLanguage\":\"en-US\",\"@id\":\"https:\\\/\\\/lustlivinginterior.com\\\/#\\\/schema\\\/logo\\\/image\\\/\",\"url\":\"https:\\\/\\\/lustlivinginterior.com\\\/wp-content\\\/uploads\\\/2024\\\/01\\\/cropped-LLI-LOGO-ENTIER-CENTRE-scaled-1.jpg\",\"contentUrl\":\"https:\\\/\\\/lustlivinginterior.com\\\/wp-content\\\/uploads\\\/2024\\\/01\\\/cropped-LLI-LOGO-ENTIER-CENTRE-scaled-1.jpg\",\"width\":1807,\"height\":1289,\"caption\":\"www.lustlivinginterior.com\"},\"image\":{\"@id\":\"https:\\\/\\\/lustlivinginterior.com\\\/#\\\/schema\\\/logo\\\/image\\\/\"}}]}<\/script>\n<!-- \/ Yoast SEO plugin. -->","yoast_head_json":{"title":"Le book projet - www.lustlivinginterior.com","description":"A cette \u00e9tape, je vous repr\u00e9sente et vous accompagne tout au long des travaux. Mon r\u00f4le est d\u2019assurer la qualit\u00e9 et la conformit\u00e9 de la mise en oeuvre dans le respect des attentes, d\u00e9lais et budget","robots":{"index":"index","follow":"follow","max-snippet":"max-snippet:-1","max-image-preview":"max-image-preview:large","max-video-preview":"max-video-preview:-1"},"canonical":"https:\/\/lustlivinginterior.com\/?page_id=152","og_locale":"en_US","og_type":"article","og_title":"Le book projet - www.lustlivinginterior.com","og_description":"A cette \u00e9tape, je vous repr\u00e9sente et vous accompagne tout au long des travaux. Mon r\u00f4le est d\u2019assurer la qualit\u00e9 et la conformit\u00e9 de la mise en oeuvre dans le respect des attentes, d\u00e9lais et budget","og_url":"https:\/\/lustlivinginterior.com\/?page_id=152","og_site_name":"www.lustlivinginterior.com","article_modified_time":"2024-07-05T10:18:08+00:00","twitter_card":"summary_large_image","twitter_misc":{"Est. reading time":"1 minute"},"schema":{"@context":"https:\/\/schema.org","@graph":[{"@type":"WebPage","@id":"https:\/\/lustlivinginterior.com\/?page_id=152","url":"https:\/\/lustlivinginterior.com\/?page_id=152","name":"Le book projet - www.lustlivinginterior.com","isPartOf":{"@id":"https:\/\/lustlivinginterior.com\/#website"},"datePublished":"2023-12-28T16:42:03+00:00","dateModified":"2024-07-05T10:18:08+00:00","description":"A cette \u00e9tape, je vous repr\u00e9sente et vous accompagne tout au long des travaux. Mon r\u00f4le est d\u2019assurer la qualit\u00e9 et la conformit\u00e9 de la mise en oeuvre dans le respect des attentes, d\u00e9lais et budget","breadcrumb":{"@id":"https:\/\/lustlivinginterior.com\/?page_id=152#breadcrumb"},"inLanguage":"en-US","potentialAction":[{"@type":"ReadAction","target":["https:\/\/lustlivinginterior.com\/?page_id=152"]}]},{"@type":"BreadcrumbList","@id":"https:\/\/lustlivinginterior.com\/?page_id=152#breadcrumb","itemListElement":[{"@type":"ListItem","position":1,"name":"Accueil","item":"https:\/\/lustlivinginterior.com\/"},{"@type":"ListItem","position":2,"name":"Le book projet"}]},{"@type":"WebSite","@id":"https:\/\/lustlivinginterior.com\/#website","url":"https:\/\/lustlivinginterior.com\/","name":"www.lustlivinginterior.com","description":"","publisher":{"@id":"https:\/\/lustlivinginterior.com\/#organization"},"potentialAction":[{"@type":"SearchAction","target":{"@type":"EntryPoint","urlTemplate":"https:\/\/lustlivinginterior.com\/?s={search_term_string}"},"query-input":{"@type":"PropertyValueSpecification","valueRequired":true,"valueName":"search_term_string"}}],"inLanguage":"en-US"},{"@type":"Organization","@id":"https:\/\/lustlivinginterior.com\/#organization","name":"www.lustlivinginterior.com","url":"https:\/\/lustlivinginterior.com\/","logo":{"@type":"ImageObject","inLanguage":"en-US","@id":"https:\/\/lustlivinginterior.com\/#\/schema\/logo\/image\/","url":"https:\/\/lustlivinginterior.com\/wp-content\/uploads\/2024\/01\/cropped-LLI-LOGO-ENTIER-CENTRE-scaled-1.jpg","contentUrl":"https:\/\/lustlivinginterior.com\/wp-content\/uploads\/2024\/01\/cropped-LLI-LOGO-ENTIER-CENTRE-scaled-1.jpg","width":1807,"height":1289,"caption":"www.lustlivinginterior.com"},"image":{"@id":"https:\/\/lustlivinginterior.com\/#\/schema\/logo\/image\/"}}]}},"_links":{"self":[{"href":"https:\/\/lustlivinginterior.com\/index.php?rest_route=\/wp\/v2\/pages\/152","targetHints":{"allow":["GET"]}}],"collection":[{"href":"https:\/\/lustlivinginterior.com\/index.php?rest_route=\/wp\/v2\/pages"}],"about":[{"href":"https:\/\/lustlivinginterior.com\/index.php?rest_route=\/wp\/v2\/types\/page"}],"author":[{"embeddable":true,"href":"https:\/\/lustlivinginterior.com\/index.php?rest_route=\/wp\/v2\/users\/1"}],"replies":[{"embeddable":true,"href":"https:\/\/lustlivinginterior.com\/index.php?rest_route=%2Fwp%2Fv2%2Fcomments&post=152"}],"version-history":[{"count":53,"href":"https:\/\/lustlivinginterior.com\/index.php?rest_route=\/wp\/v2\/pages\/152\/revisions"}],"predecessor-version":[{"id":1114,"href":"https:\/\/lustlivinginterior.com\/index.php?rest_route=\/wp\/v2\/pages\/152\/revisions\/1114"}],"wp:attachment":[{"href":"https:\/\/lustlivinginterior.com\/index.php?rest_route=%2Fwp%2Fv2%2Fmedia&parent=152"}],"curies":[{"name":"wp","href":"https:\/\/api.w.org\/{rel}","templated":true}]}}