{"id":267,"date":"2023-12-29T18:47:45","date_gmt":"2023-12-29T17:47:45","guid":{"rendered":"https:\/\/lustlivinginterior.com\/?page_id=267"},"modified":"2024-07-05T12:28:31","modified_gmt":"2024-07-05T10:28:31","slug":"projet-mansarde","status":"publish","type":"page","link":"https:\/\/lustlivinginterior.com\/?page_id=267","title":{"rendered":"Projet Mansarde"},"content":{"rendered":"\t\t<div data-elementor-type=\"wp-page\" data-elementor-id=\"267\" class=\"elementor elementor-267\">\n\t\t\t\t<div class=\"elementor-element elementor-element-ca75463 e-flex e-con-boxed e-con e-parent\" data-id=\"ca75463\" data-element_type=\"container\" data-e-type=\"container\">\n\t\t\t\t\t<div class=\"e-con-inner\">\n\t\t\t\t<div class=\"elementor-element elementor-element-e7a5c6a elementor-widget elementor-widget-spacer\" data-id=\"e7a5c6a\" data-element_type=\"widget\" data-e-type=\"widget\" data-widget_type=\"spacer.default\">\n\t\t\t\t<div class=\"elementor-widget-container\">\n\t\t\t\t\t\t\t<div class=\"elementor-spacer\">\n\t\t\t<div class=\"elementor-spacer-inner\"><\/div>\n\t\t<\/div>\n\t\t\t\t\t\t<\/div>\n\t\t\t\t<\/div>\n\t\t\t\t<div class=\"elementor-element elementor-element-83ac3a7 elementor-widget elementor-widget-heading\" data-id=\"83ac3a7\" data-element_type=\"widget\" data-e-type=\"widget\" data-widget_type=\"heading.default\">\n\t\t\t\t<div class=\"elementor-widget-container\">\n\t\t\t\t\t<h2 class=\"elementor-heading-title elementor-size-default\">PROJET MANSARDE.<\/h2>\t\t\t\t<\/div>\n\t\t\t\t<\/div>\n\t\t\t\t<div class=\"elementor-element elementor-element-eac249e elementor-widget elementor-widget-text-editor\" data-id=\"eac249e\" data-element_type=\"widget\" data-e-type=\"widget\" data-widget_type=\"text-editor.default\">\n\t\t\t\t<div class=\"elementor-widget-container\">\n\t\t\t\t\t\t\t\t\t<p>Conception et mod\u00e9lisation 3D d&#8217;un appartement mansard\u00e9 de 115m2, cr\u00e9ation d&#8217;un espace bureau et de nombreux rangements.<\/p>\t\t\t\t\t\t\t\t<\/div>\n\t\t\t\t<\/div>\n\t\t\t\t\t<\/div>\n\t\t\t\t<\/div>\n\t\t<div class=\"elementor-element elementor-element-51a1ee3 e-flex e-con-boxed e-con e-parent\" data-id=\"51a1ee3\" data-element_type=\"container\" data-e-type=\"container\">\n\t\t\t\t\t<div class=\"e-con-inner\">\n\t\t<div class=\"elementor-element elementor-element-d2118ed e-con-full e-flex e-con e-child\" data-id=\"d2118ed\" data-element_type=\"container\" data-e-type=\"container\">\n\t\t\t\t<div class=\"elementor-element elementor-element-f170cee elementor-widget elementor-widget-image\" data-id=\"f170cee\" data-element_type=\"widget\" data-e-type=\"widget\" data-widget_type=\"image.default\">\n\t\t\t\t<div class=\"elementor-widget-container\">\n\t\t\t\t\t\t\t\t\t\t\t\t\t\t\t<img fetchpriority=\"high\" decoding=\"async\" width=\"1024\" height=\"617\" src=\"https:\/\/lustlivinginterior.com\/wp-content\/uploads\/2024\/02\/mansarde-2-1024x617.jpg\" class=\"attachment-large size-large wp-image-964\" alt=\"\" srcset=\"https:\/\/lustlivinginterior.com\/wp-content\/uploads\/2024\/02\/mansarde-2-1024x617.jpg 1024w, https:\/\/lustlivinginterior.com\/wp-content\/uploads\/2024\/02\/mansarde-2-300x181.jpg 300w, https:\/\/lustlivinginterior.com\/wp-content\/uploads\/2024\/02\/mansarde-2-768x463.jpg 768w, https:\/\/lustlivinginterior.com\/wp-content\/uploads\/2024\/02\/mansarde-2-1536x926.jpg 1536w, https:\/\/lustlivinginterior.com\/wp-content\/uploads\/2024\/02\/mansarde-2-2048x1235.jpg 2048w\" sizes=\"(max-width: 1024px) 100vw, 1024px\" \/>\t\t\t\t\t\t\t\t\t\t\t\t\t\t\t<\/div>\n\t\t\t\t<\/div>\n\t\t\t\t<\/div>\n\t\t<div class=\"elementor-element elementor-element-e7a722c e-con-full e-flex e-con e-child\" data-id=\"e7a722c\" data-element_type=\"container\" data-e-type=\"container\">\n\t\t\t\t<div class=\"elementor-element elementor-element-8752615 elementor-widget elementor-widget-image\" data-id=\"8752615\" data-element_type=\"widget\" data-e-type=\"widget\" data-widget_type=\"image.default\">\n\t\t\t\t<div class=\"elementor-widget-container\">\n\t\t\t\t\t\t\t\t\t\t\t\t\t\t\t<img decoding=\"async\" width=\"1024\" height=\"694\" src=\"https:\/\/lustlivinginterior.com\/wp-content\/uploads\/2024\/02\/cuisine-mansarde-logo-1-1024x694.jpg\" class=\"attachment-large size-large wp-image-958\" alt=\"\" srcset=\"https:\/\/lustlivinginterior.com\/wp-content\/uploads\/2024\/02\/cuisine-mansarde-logo-1-1024x694.jpg 1024w, https:\/\/lustlivinginterior.com\/wp-content\/uploads\/2024\/02\/cuisine-mansarde-logo-1-300x203.jpg 300w, https:\/\/lustlivinginterior.com\/wp-content\/uploads\/2024\/02\/cuisine-mansarde-logo-1-768x520.jpg 768w, https:\/\/lustlivinginterior.com\/wp-content\/uploads\/2024\/02\/cuisine-mansarde-logo-1-1536x1040.jpg 1536w, https:\/\/lustlivinginterior.com\/wp-content\/uploads\/2024\/02\/cuisine-mansarde-logo-1-2048x1387.jpg 2048w\" sizes=\"(max-width: 1024px) 100vw, 1024px\" \/>\t\t\t\t\t\t\t\t\t\t\t\t\t\t\t<\/div>\n\t\t\t\t<\/div>\n\t\t\t\t<div class=\"elementor-element elementor-element-6620a4d elementor-widget elementor-widget-image\" data-id=\"6620a4d\" data-element_type=\"widget\" data-e-type=\"widget\" data-widget_type=\"image.default\">\n\t\t\t\t<div class=\"elementor-widget-container\">\n\t\t\t\t\t\t\t\t\t\t\t\t\t\t\t<img decoding=\"async\" width=\"1024\" height=\"624\" src=\"https:\/\/lustlivinginterior.com\/wp-content\/uploads\/2024\/02\/mansarde-3-1024x624.jpg\" class=\"attachment-large size-large wp-image-952\" alt=\"\" srcset=\"https:\/\/lustlivinginterior.com\/wp-content\/uploads\/2024\/02\/mansarde-3-1024x624.jpg 1024w, https:\/\/lustlivinginterior.com\/wp-content\/uploads\/2024\/02\/mansarde-3-300x183.jpg 300w, https:\/\/lustlivinginterior.com\/wp-content\/uploads\/2024\/02\/mansarde-3-768x468.jpg 768w, https:\/\/lustlivinginterior.com\/wp-content\/uploads\/2024\/02\/mansarde-3-1536x936.jpg 1536w, https:\/\/lustlivinginterior.com\/wp-content\/uploads\/2024\/02\/mansarde-3-2048x1248.jpg 2048w\" sizes=\"(max-width: 1024px) 100vw, 1024px\" \/>\t\t\t\t\t\t\t\t\t\t\t\t\t\t\t<\/div>\n\t\t\t\t<\/div>\n\t\t\t\t<\/div>\n\t\t<div class=\"elementor-element elementor-element-911afd4 e-con-full e-flex e-con e-child\" data-id=\"911afd4\" data-element_type=\"container\" data-e-type=\"container\">\n\t\t\t\t<div class=\"elementor-element elementor-element-9b6b53d elementor-widget elementor-widget-image\" data-id=\"9b6b53d\" data-element_type=\"widget\" data-e-type=\"widget\" data-widget_type=\"image.default\">\n\t\t\t\t<div class=\"elementor-widget-container\">\n\t\t\t\t\t\t\t\t\t\t\t\t\t\t\t<img loading=\"lazy\" decoding=\"async\" width=\"1024\" height=\"577\" src=\"https:\/\/lustlivinginterior.com\/wp-content\/uploads\/2024\/02\/mansarde-5-logo-1024x577.jpg\" class=\"attachment-large size-large wp-image-953\" alt=\"\" srcset=\"https:\/\/lustlivinginterior.com\/wp-content\/uploads\/2024\/02\/mansarde-5-logo-1024x577.jpg 1024w, https:\/\/lustlivinginterior.com\/wp-content\/uploads\/2024\/02\/mansarde-5-logo-300x169.jpg 300w, https:\/\/lustlivinginterior.com\/wp-content\/uploads\/2024\/02\/mansarde-5-logo-768x433.jpg 768w, https:\/\/lustlivinginterior.com\/wp-content\/uploads\/2024\/02\/mansarde-5-logo-1536x866.jpg 1536w, https:\/\/lustlivinginterior.com\/wp-content\/uploads\/2024\/02\/mansarde-5-logo-2048x1155.jpg 2048w, https:\/\/lustlivinginterior.com\/wp-content\/uploads\/2024\/02\/mansarde-5-logo-800x450.jpg 800w\" sizes=\"(max-width: 1024px) 100vw, 1024px\" \/>\t\t\t\t\t\t\t\t\t\t\t\t\t\t\t<\/div>\n\t\t\t\t<\/div>\n\t\t\t\t<div class=\"elementor-element elementor-element-6505471 elementor-widget elementor-widget-image\" data-id=\"6505471\" data-element_type=\"widget\" data-e-type=\"widget\" data-widget_type=\"image.default\">\n\t\t\t\t<div class=\"elementor-widget-container\">\n\t\t\t\t\t\t\t\t\t\t\t\t\t\t\t<img loading=\"lazy\" decoding=\"async\" width=\"1024\" height=\"811\" src=\"https:\/\/lustlivinginterior.com\/wp-content\/uploads\/2024\/02\/mansarde-4-1024x811.jpg\" class=\"attachment-large size-large wp-image-965\" alt=\"\" srcset=\"https:\/\/lustlivinginterior.com\/wp-content\/uploads\/2024\/02\/mansarde-4-1024x811.jpg 1024w, https:\/\/lustlivinginterior.com\/wp-content\/uploads\/2024\/02\/mansarde-4-300x237.jpg 300w, https:\/\/lustlivinginterior.com\/wp-content\/uploads\/2024\/02\/mansarde-4-768x608.jpg 768w, https:\/\/lustlivinginterior.com\/wp-content\/uploads\/2024\/02\/mansarde-4-1536x1216.jpg 1536w, https:\/\/lustlivinginterior.com\/wp-content\/uploads\/2024\/02\/mansarde-4-2048x1621.jpg 2048w\" sizes=\"(max-width: 1024px) 100vw, 1024px\" \/>\t\t\t\t\t\t\t\t\t\t\t\t\t\t\t<\/div>\n\t\t\t\t<\/div>\n\t\t\t\t<div class=\"elementor-element elementor-element-e4686d0 elementor-widget elementor-widget-spacer\" data-id=\"e4686d0\" data-element_type=\"widget\" data-e-type=\"widget\" data-widget_type=\"spacer.default\">\n\t\t\t\t<div class=\"elementor-widget-container\">\n\t\t\t\t\t\t\t<div class=\"elementor-spacer\">\n\t\t\t<div class=\"elementor-spacer-inner\"><\/div>\n\t\t<\/div>\n\t\t\t\t\t\t<\/div>\n\t\t\t\t<\/div>\n\t\t\t\t<\/div>\n\t\t<div class=\"elementor-element elementor-element-99458dd e-con-full e-flex e-con e-child\" data-id=\"99458dd\" data-element_type=\"container\" data-e-type=\"container\">\n\t\t\t\t<div class=\"elementor-element elementor-element-a09933c elementor-widget elementor-widget-image\" data-id=\"a09933c\" data-element_type=\"widget\" data-e-type=\"widget\" data-widget_type=\"image.default\">\n\t\t\t\t<div class=\"elementor-widget-container\">\n\t\t\t\t\t\t\t\t\t\t\t\t\t\t\t<img loading=\"lazy\" decoding=\"async\" width=\"1024\" height=\"604\" src=\"https:\/\/lustlivinginterior.com\/wp-content\/uploads\/2024\/02\/mansarde-1-1024x604.jpg\" class=\"attachment-large size-large wp-image-954\" alt=\"\" srcset=\"https:\/\/lustlivinginterior.com\/wp-content\/uploads\/2024\/02\/mansarde-1-1024x604.jpg 1024w, https:\/\/lustlivinginterior.com\/wp-content\/uploads\/2024\/02\/mansarde-1-300x177.jpg 300w, https:\/\/lustlivinginterior.com\/wp-content\/uploads\/2024\/02\/mansarde-1-768x453.jpg 768w, https:\/\/lustlivinginterior.com\/wp-content\/uploads\/2024\/02\/mansarde-1-1536x907.jpg 1536w, https:\/\/lustlivinginterior.com\/wp-content\/uploads\/2024\/02\/mansarde-1-2048x1209.jpg 2048w\" sizes=\"(max-width: 1024px) 100vw, 1024px\" \/>\t\t\t\t\t\t\t\t\t\t\t\t\t\t\t<\/div>\n\t\t\t\t<\/div>\n\t\t\t\t<div class=\"elementor-element elementor-element-69a7d07 elementor-widget elementor-widget-spacer\" data-id=\"69a7d07\" data-element_type=\"widget\" data-e-type=\"widget\" data-widget_type=\"spacer.default\">\n\t\t\t\t<div class=\"elementor-widget-container\">\n\t\t\t\t\t\t\t<div class=\"elementor-spacer\">\n\t\t\t<div class=\"elementor-spacer-inner\"><\/div>\n\t\t<\/div>\n\t\t\t\t\t\t<\/div>\n\t\t\t\t<\/div>\n\t\t\t\t<\/div>\n\t\t\t\t\t<\/div>\n\t\t\t\t<\/div>\n\t\t<div class=\"elementor-element elementor-element-589a3a9 e-flex e-con-boxed e-con e-parent\" data-id=\"589a3a9\" data-element_type=\"container\" data-e-type=\"container\">\n\t\t\t\t\t<div class=\"e-con-inner\">\n\t\t\t\t<div class=\"elementor-element elementor-element-115ef34 elementor-button-info elementor-align-center elementor-widget elementor-widget-button\" data-id=\"115ef34\" data-element_type=\"widget\" data-e-type=\"widget\" data-widget_type=\"button.default\">\n\t\t\t\t<div class=\"elementor-widget-container\">\n\t\t\t\t\t\t\t\t\t<div class=\"elementor-button-wrapper\">\n\t\t\t\t\t<a class=\"elementor-button elementor-button-link elementor-size-md\" href=\"https:\/\/lustlivinginterior.com\/?page_id=1027\">\n\t\t\t\t\t\t<span class=\"elementor-button-content-wrapper\">\n\t\t\t\t\t\t\t\t\t<span class=\"elementor-button-text\">Projet suivant<\/span>\n\t\t\t\t\t<\/span>\n\t\t\t\t\t<\/a>\n\t\t\t\t<\/div>\n\t\t\t\t\t\t\t\t<\/div>\n\t\t\t\t<\/div>\n\t\t\t\t<div class=\"elementor-element elementor-element-b40e89a elementor-widget elementor-widget-spacer\" data-id=\"b40e89a\" data-element_type=\"widget\" data-e-type=\"widget\" data-widget_type=\"spacer.default\">\n\t\t\t\t<div class=\"elementor-widget-container\">\n\t\t\t\t\t\t\t<div class=\"elementor-spacer\">\n\t\t\t<div class=\"elementor-spacer-inner\"><\/div>\n\t\t<\/div>\n\t\t\t\t\t\t<\/div>\n\t\t\t\t<\/div>\n\t\t\t\t\t<\/div>\n\t\t\t\t<\/div>\n\t\t\t\t<\/div>\n\t\t","protected":false},"excerpt":{"rendered":"<p>PROJET MANSARDE. Conception et mod\u00e9lisation 3D d&#8217;un appartement mansard\u00e9 de 115m2, cr\u00e9ation d&#8217;un espace bureau et de nombreux rangements. Projet suivant<\/p>\n","protected":false},"author":1,"featured_media":0,"parent":0,"menu_order":0,"comment_status":"closed","ping_status":"closed","template":"","meta":{"_monsterinsights_skip_tracking":false,"_monsterinsights_sitenote_active":false,"_monsterinsights_sitenote_note":"","_monsterinsights_sitenote_category":0,"ocean_post_layout":"","ocean_both_sidebars_style":"","ocean_both_sidebars_content_width":0,"ocean_both_sidebars_sidebars_width":0,"ocean_sidebar":"","ocean_second_sidebar":"","ocean_disable_margins":"enable","ocean_add_body_class":"","ocean_shortcode_before_top_bar":"","ocean_shortcode_after_top_bar":"","ocean_shortcode_before_header":"","ocean_shortcode_after_header":"","ocean_has_shortcode":"","ocean_shortcode_after_title":"","ocean_shortcode_before_footer_widgets":"","ocean_shortcode_after_footer_widgets":"","ocean_shortcode_before_footer_bottom":"","ocean_shortcode_after_footer_bottom":"","ocean_display_top_bar":"default","ocean_display_header":"default","ocean_header_style":"","ocean_center_header_left_menu":"","ocean_custom_header_template":"","ocean_custom_logo":0,"ocean_custom_retina_logo":0,"ocean_custom_logo_max_width":0,"ocean_custom_logo_tablet_max_width":0,"ocean_custom_logo_mobile_max_width":0,"ocean_custom_logo_max_height":0,"ocean_custom_logo_tablet_max_height":0,"ocean_custom_logo_mobile_max_height":0,"ocean_header_custom_menu":"","ocean_menu_typo_font_family":"","ocean_menu_typo_font_subset":"","ocean_menu_typo_font_size":0,"ocean_menu_typo_font_size_tablet":0,"ocean_menu_typo_font_size_mobile":0,"ocean_menu_typo_font_size_unit":"px","ocean_menu_typo_font_weight":"","ocean_menu_typo_font_weight_tablet":"","ocean_menu_typo_font_weight_mobile":"","ocean_menu_typo_transform":"","ocean_menu_typo_transform_tablet":"","ocean_menu_typo_transform_mobile":"","ocean_menu_typo_line_height":0,"ocean_menu_typo_line_height_tablet":0,"ocean_menu_typo_line_height_mobile":0,"ocean_menu_typo_line_height_unit":"","ocean_menu_typo_spacing":0,"ocean_menu_typo_spacing_tablet":0,"ocean_menu_typo_spacing_mobile":0,"ocean_menu_typo_spacing_unit":"","ocean_menu_link_color":"","ocean_menu_link_color_hover":"","ocean_menu_link_color_active":"","ocean_menu_link_background":"","ocean_menu_link_hover_background":"","ocean_menu_link_active_background":"","ocean_menu_social_links_bg":"","ocean_menu_social_hover_links_bg":"","ocean_menu_social_links_color":"","ocean_menu_social_hover_links_color":"","ocean_disable_title":"default","ocean_disable_heading":"default","ocean_post_title":"","ocean_post_subheading":"","ocean_post_title_style":"","ocean_post_title_background_color":"","ocean_post_title_background":0,"ocean_post_title_bg_image_position":"","ocean_post_title_bg_image_attachment":"","ocean_post_title_bg_image_repeat":"","ocean_post_title_bg_image_size":"","ocean_post_title_height":0,"ocean_post_title_bg_overlay":0.5,"ocean_post_title_bg_overlay_color":"","ocean_disable_breadcrumbs":"default","ocean_breadcrumbs_color":"","ocean_breadcrumbs_separator_color":"","ocean_breadcrumbs_links_color":"","ocean_breadcrumbs_links_hover_color":"","ocean_display_footer_widgets":"default","ocean_display_footer_bottom":"default","ocean_custom_footer_template":"","footnotes":""},"class_list":["post-267","page","type-page","status-publish","hentry","entry"],"yoast_head":"<!-- This site is optimized with the Yoast SEO plugin v27.3 - https:\/\/yoast.com\/product\/yoast-seo-wordpress\/ -->\n<title>Projet Mansarde - www.lustlivinginterior.com<\/title>\n<meta name=\"robots\" content=\"index, follow, max-snippet:-1, max-image-preview:large, max-video-preview:-1\" \/>\n<link rel=\"canonical\" href=\"https:\/\/lustlivinginterior.com\/?page_id=267\" \/>\n<meta property=\"og:locale\" content=\"en_US\" \/>\n<meta property=\"og:type\" content=\"article\" \/>\n<meta property=\"og:title\" content=\"Projet Mansarde - www.lustlivinginterior.com\" \/>\n<meta property=\"og:description\" content=\"PROJET MANSARDE. Conception et mod\u00e9lisation 3D d&#8217;un appartement mansard\u00e9 de 115m2, cr\u00e9ation d&#8217;un espace bureau et de nombreux rangements. Projet suivant\" \/>\n<meta property=\"og:url\" content=\"https:\/\/lustlivinginterior.com\/?page_id=267\" \/>\n<meta property=\"og:site_name\" content=\"www.lustlivinginterior.com\" \/>\n<meta property=\"article:modified_time\" content=\"2024-07-05T10:28:31+00:00\" \/>\n<meta property=\"og:image\" content=\"http:\/\/lustlivinginterior.com\/wp-content\/uploads\/2024\/02\/mansarde-2-1024x617.jpg\" \/>\n<meta name=\"twitter:card\" content=\"summary_large_image\" \/>\n<meta name=\"twitter:label1\" content=\"Est. reading time\" \/>\n\t<meta name=\"twitter:data1\" content=\"2 minutes\" \/>\n<script type=\"application\/ld+json\" class=\"yoast-schema-graph\">{\"@context\":\"https:\\\/\\\/schema.org\",\"@graph\":[{\"@type\":\"WebPage\",\"@id\":\"https:\\\/\\\/lustlivinginterior.com\\\/?page_id=267\",\"url\":\"https:\\\/\\\/lustlivinginterior.com\\\/?page_id=267\",\"name\":\"Projet Mansarde - www.lustlivinginterior.com\",\"isPartOf\":{\"@id\":\"https:\\\/\\\/lustlivinginterior.com\\\/#website\"},\"primaryImageOfPage\":{\"@id\":\"https:\\\/\\\/lustlivinginterior.com\\\/?page_id=267#primaryimage\"},\"image\":{\"@id\":\"https:\\\/\\\/lustlivinginterior.com\\\/?page_id=267#primaryimage\"},\"thumbnailUrl\":\"http:\\\/\\\/lustlivinginterior.com\\\/wp-content\\\/uploads\\\/2024\\\/02\\\/mansarde-2-1024x617.jpg\",\"datePublished\":\"2023-12-29T17:47:45+00:00\",\"dateModified\":\"2024-07-05T10:28:31+00:00\",\"breadcrumb\":{\"@id\":\"https:\\\/\\\/lustlivinginterior.com\\\/?page_id=267#breadcrumb\"},\"inLanguage\":\"en-US\",\"potentialAction\":[{\"@type\":\"ReadAction\",\"target\":[\"https:\\\/\\\/lustlivinginterior.com\\\/?page_id=267\"]}]},{\"@type\":\"ImageObject\",\"inLanguage\":\"en-US\",\"@id\":\"https:\\\/\\\/lustlivinginterior.com\\\/?page_id=267#primaryimage\",\"url\":\"https:\\\/\\\/lustlivinginterior.com\\\/wp-content\\\/uploads\\\/2024\\\/02\\\/mansarde-2-scaled.jpg\",\"contentUrl\":\"https:\\\/\\\/lustlivinginterior.com\\\/wp-content\\\/uploads\\\/2024\\\/02\\\/mansarde-2-scaled.jpg\",\"width\":2560,\"height\":1543},{\"@type\":\"BreadcrumbList\",\"@id\":\"https:\\\/\\\/lustlivinginterior.com\\\/?page_id=267#breadcrumb\",\"itemListElement\":[{\"@type\":\"ListItem\",\"position\":1,\"name\":\"Accueil\",\"item\":\"https:\\\/\\\/lustlivinginterior.com\\\/\"},{\"@type\":\"ListItem\",\"position\":2,\"name\":\"Projet Mansarde\"}]},{\"@type\":\"WebSite\",\"@id\":\"https:\\\/\\\/lustlivinginterior.com\\\/#website\",\"url\":\"https:\\\/\\\/lustlivinginterior.com\\\/\",\"name\":\"www.lustlivinginterior.com\",\"description\":\"\",\"publisher\":{\"@id\":\"https:\\\/\\\/lustlivinginterior.com\\\/#organization\"},\"potentialAction\":[{\"@type\":\"SearchAction\",\"target\":{\"@type\":\"EntryPoint\",\"urlTemplate\":\"https:\\\/\\\/lustlivinginterior.com\\\/?s={search_term_string}\"},\"query-input\":{\"@type\":\"PropertyValueSpecification\",\"valueRequired\":true,\"valueName\":\"search_term_string\"}}],\"inLanguage\":\"en-US\"},{\"@type\":\"Organization\",\"@id\":\"https:\\\/\\\/lustlivinginterior.com\\\/#organization\",\"name\":\"www.lustlivinginterior.com\",\"url\":\"https:\\\/\\\/lustlivinginterior.com\\\/\",\"logo\":{\"@type\":\"ImageObject\",\"inLanguage\":\"en-US\",\"@id\":\"https:\\\/\\\/lustlivinginterior.com\\\/#\\\/schema\\\/logo\\\/image\\\/\",\"url\":\"https:\\\/\\\/lustlivinginterior.com\\\/wp-content\\\/uploads\\\/2024\\\/01\\\/cropped-LLI-LOGO-ENTIER-CENTRE-scaled-1.jpg\",\"contentUrl\":\"https:\\\/\\\/lustlivinginterior.com\\\/wp-content\\\/uploads\\\/2024\\\/01\\\/cropped-LLI-LOGO-ENTIER-CENTRE-scaled-1.jpg\",\"width\":1807,\"height\":1289,\"caption\":\"www.lustlivinginterior.com\"},\"image\":{\"@id\":\"https:\\\/\\\/lustlivinginterior.com\\\/#\\\/schema\\\/logo\\\/image\\\/\"}}]}<\/script>\n<!-- \/ Yoast SEO plugin. -->","yoast_head_json":{"title":"Projet Mansarde - www.lustlivinginterior.com","robots":{"index":"index","follow":"follow","max-snippet":"max-snippet:-1","max-image-preview":"max-image-preview:large","max-video-preview":"max-video-preview:-1"},"canonical":"https:\/\/lustlivinginterior.com\/?page_id=267","og_locale":"en_US","og_type":"article","og_title":"Projet Mansarde - www.lustlivinginterior.com","og_description":"PROJET MANSARDE. Conception et mod\u00e9lisation 3D d&#8217;un appartement mansard\u00e9 de 115m2, cr\u00e9ation d&#8217;un espace bureau et de nombreux rangements. Projet suivant","og_url":"https:\/\/lustlivinginterior.com\/?page_id=267","og_site_name":"www.lustlivinginterior.com","article_modified_time":"2024-07-05T10:28:31+00:00","og_image":[{"url":"http:\/\/lustlivinginterior.com\/wp-content\/uploads\/2024\/02\/mansarde-2-1024x617.jpg","type":"","width":"","height":""}],"twitter_card":"summary_large_image","twitter_misc":{"Est. reading time":"2 minutes"},"schema":{"@context":"https:\/\/schema.org","@graph":[{"@type":"WebPage","@id":"https:\/\/lustlivinginterior.com\/?page_id=267","url":"https:\/\/lustlivinginterior.com\/?page_id=267","name":"Projet Mansarde - www.lustlivinginterior.com","isPartOf":{"@id":"https:\/\/lustlivinginterior.com\/#website"},"primaryImageOfPage":{"@id":"https:\/\/lustlivinginterior.com\/?page_id=267#primaryimage"},"image":{"@id":"https:\/\/lustlivinginterior.com\/?page_id=267#primaryimage"},"thumbnailUrl":"http:\/\/lustlivinginterior.com\/wp-content\/uploads\/2024\/02\/mansarde-2-1024x617.jpg","datePublished":"2023-12-29T17:47:45+00:00","dateModified":"2024-07-05T10:28:31+00:00","breadcrumb":{"@id":"https:\/\/lustlivinginterior.com\/?page_id=267#breadcrumb"},"inLanguage":"en-US","potentialAction":[{"@type":"ReadAction","target":["https:\/\/lustlivinginterior.com\/?page_id=267"]}]},{"@type":"ImageObject","inLanguage":"en-US","@id":"https:\/\/lustlivinginterior.com\/?page_id=267#primaryimage","url":"https:\/\/lustlivinginterior.com\/wp-content\/uploads\/2024\/02\/mansarde-2-scaled.jpg","contentUrl":"https:\/\/lustlivinginterior.com\/wp-content\/uploads\/2024\/02\/mansarde-2-scaled.jpg","width":2560,"height":1543},{"@type":"BreadcrumbList","@id":"https:\/\/lustlivinginterior.com\/?page_id=267#breadcrumb","itemListElement":[{"@type":"ListItem","position":1,"name":"Accueil","item":"https:\/\/lustlivinginterior.com\/"},{"@type":"ListItem","position":2,"name":"Projet Mansarde"}]},{"@type":"WebSite","@id":"https:\/\/lustlivinginterior.com\/#website","url":"https:\/\/lustlivinginterior.com\/","name":"www.lustlivinginterior.com","description":"","publisher":{"@id":"https:\/\/lustlivinginterior.com\/#organization"},"potentialAction":[{"@type":"SearchAction","target":{"@type":"EntryPoint","urlTemplate":"https:\/\/lustlivinginterior.com\/?s={search_term_string}"},"query-input":{"@type":"PropertyValueSpecification","valueRequired":true,"valueName":"search_term_string"}}],"inLanguage":"en-US"},{"@type":"Organization","@id":"https:\/\/lustlivinginterior.com\/#organization","name":"www.lustlivinginterior.com","url":"https:\/\/lustlivinginterior.com\/","logo":{"@type":"ImageObject","inLanguage":"en-US","@id":"https:\/\/lustlivinginterior.com\/#\/schema\/logo\/image\/","url":"https:\/\/lustlivinginterior.com\/wp-content\/uploads\/2024\/01\/cropped-LLI-LOGO-ENTIER-CENTRE-scaled-1.jpg","contentUrl":"https:\/\/lustlivinginterior.com\/wp-content\/uploads\/2024\/01\/cropped-LLI-LOGO-ENTIER-CENTRE-scaled-1.jpg","width":1807,"height":1289,"caption":"www.lustlivinginterior.com"},"image":{"@id":"https:\/\/lustlivinginterior.com\/#\/schema\/logo\/image\/"}}]}},"_links":{"self":[{"href":"https:\/\/lustlivinginterior.com\/index.php?rest_route=\/wp\/v2\/pages\/267","targetHints":{"allow":["GET"]}}],"collection":[{"href":"https:\/\/lustlivinginterior.com\/index.php?rest_route=\/wp\/v2\/pages"}],"about":[{"href":"https:\/\/lustlivinginterior.com\/index.php?rest_route=\/wp\/v2\/types\/page"}],"author":[{"embeddable":true,"href":"https:\/\/lustlivinginterior.com\/index.php?rest_route=\/wp\/v2\/users\/1"}],"replies":[{"embeddable":true,"href":"https:\/\/lustlivinginterior.com\/index.php?rest_route=%2Fwp%2Fv2%2Fcomments&post=267"}],"version-history":[{"count":25,"href":"https:\/\/lustlivinginterior.com\/index.php?rest_route=\/wp\/v2\/pages\/267\/revisions"}],"predecessor-version":[{"id":1123,"href":"https:\/\/lustlivinginterior.com\/index.php?rest_route=\/wp\/v2\/pages\/267\/revisions\/1123"}],"wp:attachment":[{"href":"https:\/\/lustlivinginterior.com\/index.php?rest_route=%2Fwp%2Fv2%2Fmedia&parent=267"}],"curies":[{"name":"wp","href":"https:\/\/api.w.org\/{rel}","templated":true}]}}