{"id":35,"date":"2023-12-27T11:59:20","date_gmt":"2023-12-27T10:59:20","guid":{"rendered":"https:\/\/lustlivinginterior.com\/?page_id=35"},"modified":"2024-07-05T12:23:40","modified_gmt":"2024-07-05T10:23:40","slug":"accueil","status":"publish","type":"page","link":"https:\/\/lustlivinginterior.com\/","title":{"rendered":"Home"},"content":{"rendered":"\t\t<div data-elementor-type=\"wp-page\" data-elementor-id=\"35\" class=\"elementor elementor-35\">\n\t\t\t\t<div class=\"elementor-element elementor-element-271f3b5 e-con-full e-flex e-con e-parent\" data-id=\"271f3b5\" data-element_type=\"container\" data-e-type=\"container\" data-settings=\"{&quot;background_background&quot;:&quot;slideshow&quot;,&quot;background_slideshow_gallery&quot;:[{&quot;id&quot;:630,&quot;url&quot;:&quot;http:\\\/\\\/lustlivinginterior.com\\\/wp-content\\\/uploads\\\/2024\\\/01\\\/home-page-logo-scaled.jpg&quot;}],&quot;background_slideshow_loop&quot;:&quot;yes&quot;,&quot;background_slideshow_slide_duration&quot;:5000,&quot;background_slideshow_slide_transition&quot;:&quot;fade&quot;,&quot;background_slideshow_transition_duration&quot;:500}\">\n\t\t\t\t<\/div>\n\t\t<div class=\"elementor-element elementor-element-7b99f50 e-con-full e-flex e-con e-parent\" data-id=\"7b99f50\" data-element_type=\"container\" data-e-type=\"container\">\n\t\t\t\t<div class=\"elementor-element elementor-element-e6efdaf elementor-widget elementor-widget-spacer\" data-id=\"e6efdaf\" data-element_type=\"widget\" data-e-type=\"widget\" data-widget_type=\"spacer.default\">\n\t\t\t\t<div class=\"elementor-widget-container\">\n\t\t\t\t\t\t\t<div class=\"elementor-spacer\">\n\t\t\t<div class=\"elementor-spacer-inner\"><\/div>\n\t\t<\/div>\n\t\t\t\t\t\t<\/div>\n\t\t\t\t<\/div>\n\t\t\t\t<div class=\"elementor-element elementor-element-280b694 elementor-widget elementor-widget-heading\" data-id=\"280b694\" data-element_type=\"widget\" data-e-type=\"widget\" data-widget_type=\"heading.default\">\n\t\t\t\t<div class=\"elementor-widget-container\">\n\t\t\t\t\t<h2 class=\"elementor-heading-title elementor-size-large\">BIENVENUE,<\/h2>\t\t\t\t<\/div>\n\t\t\t\t<\/div>\n\t\t\t\t<div class=\"elementor-element elementor-element-34b509e e-transform elementor-widget elementor-widget-heading\" data-id=\"34b509e\" data-element_type=\"widget\" data-e-type=\"widget\" data-settings=\"{&quot;_transform_scale_effect&quot;:{&quot;unit&quot;:&quot;px&quot;,&quot;size&quot;:1,&quot;sizes&quot;:[]},&quot;_transform_scale_effect_tablet&quot;:{&quot;unit&quot;:&quot;px&quot;,&quot;size&quot;:&quot;&quot;,&quot;sizes&quot;:[]},&quot;_transform_scale_effect_mobile&quot;:{&quot;unit&quot;:&quot;px&quot;,&quot;size&quot;:&quot;&quot;,&quot;sizes&quot;:[]}}\" data-widget_type=\"heading.default\">\n\t\t\t\t<div class=\"elementor-widget-container\">\n\t\t\t\t\t<h2 class=\"elementor-heading-title elementor-size-default\">Lust Living Interior vous accompagne dans votre projet d'architecture d'int\u00e9rieur, de sa conception au suivi de sa r\u00e9alisation.\n<br>\nAvec Lust Living Interior, le design de votre int\u00e9rieur se fera de fa\u00e7on claire et personnalis\u00e9e, mon but \u00e9tant de r\u00e9aliser votre vision , de faciliter votre exp\u00e9rience et de lib\u00e9rer votre temps.<br>\n\nChaque projet est consid\u00e9r\u00e9 pour ce qu\u2019il apportera \u00e0 votre exp\u00e9rience quotidienne et comment il pourra contribuer \u00e0 d\u00e9velopper vos liens aux autres et au lieu. <br>\n\nPartant d\u2019une vision contemporaine qui interroge notre m\u00e9moire, notre identit\u00e9 et nos \u00e9motions, Lust Living Interior cr\u00e9e des espaces familiers, o\u00f9 se m\u00e9langent sens du d\u00e9tail, cr\u00e9ativit\u00e9 et sensibilit\u00e9. Nous pensons chaque espace afin de refl\u00e9ter votre style de vie et votre identit\u00e9 visuelle, et transformer ainsi votre int\u00e9rieur en un v\u00e9ritable havre d'harmonie et de confort.<br>\n\n\n     Un int\u00e9rieur dans lequel on se sent bien.<br><\/h2>\t\t\t\t<\/div>\n\t\t\t\t<\/div>\n\t\t\t\t<div class=\"elementor-element elementor-element-2f7bf03 elementor-widget elementor-widget-spacer\" data-id=\"2f7bf03\" data-element_type=\"widget\" data-e-type=\"widget\" data-widget_type=\"spacer.default\">\n\t\t\t\t<div class=\"elementor-widget-container\">\n\t\t\t\t\t\t\t<div class=\"elementor-spacer\">\n\t\t\t<div class=\"elementor-spacer-inner\"><\/div>\n\t\t<\/div>\n\t\t\t\t\t\t<\/div>\n\t\t\t\t<\/div>\n\t\t\t\t<\/div>\n\t\t<div class=\"elementor-element elementor-element-e674291 e-flex e-con-boxed e-con e-parent\" data-id=\"e674291\" data-element_type=\"container\" data-e-type=\"container\">\n\t\t\t\t\t<div class=\"e-con-inner\">\n\t\t<div class=\"elementor-element elementor-element-ec0524a e-con-full e-flex e-con e-child\" data-id=\"ec0524a\" data-element_type=\"container\" data-e-type=\"container\">\n\t\t\t\t<div class=\"elementor-element elementor-element-0b5679b elementor-widget elementor-widget-heading\" data-id=\"0b5679b\" data-element_type=\"widget\" data-e-type=\"widget\" data-widget_type=\"heading.default\">\n\t\t\t\t<div class=\"elementor-widget-container\">\n\t\t\t\t\t<h2 class=\"elementor-heading-title elementor-size-medium\">Sens du d\u00e9tail<\/h2>\t\t\t\t<\/div>\n\t\t\t\t<\/div>\n\t\t\t\t<div class=\"elementor-element elementor-element-993cbc3 elementor-widget__width-initial elementor-widget elementor-widget-image\" data-id=\"993cbc3\" data-element_type=\"widget\" data-e-type=\"widget\" data-widget_type=\"image.default\">\n\t\t\t\t<div class=\"elementor-widget-container\">\n\t\t\t\t\t\t\t\t\t\t\t\t\t\t\t<img fetchpriority=\"high\" decoding=\"async\" width=\"564\" height=\"940\" src=\"https:\/\/lustlivinginterior.com\/wp-content\/uploads\/2023\/12\/8ae51f8d2a6e29df285bf2a131e58904.jpg\" class=\"attachment-large size-large wp-image-102\" alt=\"\" srcset=\"https:\/\/lustlivinginterior.com\/wp-content\/uploads\/2023\/12\/8ae51f8d2a6e29df285bf2a131e58904.jpg 564w, https:\/\/lustlivinginterior.com\/wp-content\/uploads\/2023\/12\/8ae51f8d2a6e29df285bf2a131e58904-180x300.jpg 180w\" sizes=\"(max-width: 564px) 100vw, 564px\" \/>\t\t\t\t\t\t\t\t\t\t\t\t\t\t\t<\/div>\n\t\t\t\t<\/div>\n\t\t\t\t<div class=\"elementor-element elementor-element-f5508d8 elementor-widget elementor-widget-text-editor\" data-id=\"f5508d8\" data-element_type=\"widget\" data-e-type=\"widget\" data-widget_type=\"text-editor.default\">\n\t\t\t\t<div class=\"elementor-widget-container\">\n\t\t\t\t\t\t\t\t\t<p>Travailler avec rigueur, pr\u00e9cision et exigence.<\/p>\t\t\t\t\t\t\t\t<\/div>\n\t\t\t\t<\/div>\n\t\t\t\t<\/div>\n\t\t<div class=\"elementor-element elementor-element-f0dddff e-con-full e-flex e-con e-child\" data-id=\"f0dddff\" data-element_type=\"container\" data-e-type=\"container\">\n\t\t\t\t<div class=\"elementor-element elementor-element-5e0ccb2 elementor-widget elementor-widget-heading\" data-id=\"5e0ccb2\" data-element_type=\"widget\" data-e-type=\"widget\" data-widget_type=\"heading.default\">\n\t\t\t\t<div class=\"elementor-widget-container\">\n\t\t\t\t\t<h2 class=\"elementor-heading-title elementor-size-default\">Cr\u00e9ativit\u00e9<\/h2>\t\t\t\t<\/div>\n\t\t\t\t<\/div>\n\t\t\t\t<div class=\"elementor-element elementor-element-23ac8e6 elementor-widget__width-initial elementor-widget elementor-widget-image\" data-id=\"23ac8e6\" data-element_type=\"widget\" data-e-type=\"widget\" data-widget_type=\"image.default\">\n\t\t\t\t<div class=\"elementor-widget-container\">\n\t\t\t\t\t\t\t\t\t\t\t\t\t\t\t<img decoding=\"async\" width=\"564\" height=\"846\" src=\"https:\/\/lustlivinginterior.com\/wp-content\/uploads\/2024\/05\/vendredi-120124.jpg\" class=\"attachment-large size-large wp-image-1052\" alt=\"\" srcset=\"https:\/\/lustlivinginterior.com\/wp-content\/uploads\/2024\/05\/vendredi-120124.jpg 564w, https:\/\/lustlivinginterior.com\/wp-content\/uploads\/2024\/05\/vendredi-120124-200x300.jpg 200w\" sizes=\"(max-width: 564px) 100vw, 564px\" \/>\t\t\t\t\t\t\t\t\t\t\t\t\t\t\t<\/div>\n\t\t\t\t<\/div>\n\t\t\t\t<div class=\"elementor-element elementor-element-0a79174 elementor-widget elementor-widget-text-editor\" data-id=\"0a79174\" data-element_type=\"widget\" data-e-type=\"widget\" data-widget_type=\"text-editor.default\">\n\t\t\t\t<div class=\"elementor-widget-container\">\n\t\t\t\t\t\t\t\t\t<p>Aller plus loin que vos envies\u00a0\u00a0<span style=\"font-size: 14px;\">afin de les\u00a0<\/span><span style=\"font-size: 14px;\">sublimer,\u00a0 les\u00a0<\/span><span style=\"font-size: 14px;\">conceptualiser et les traduire dans votre int\u00e9rieur.<\/span><\/p>\t\t\t\t\t\t\t\t<\/div>\n\t\t\t\t<\/div>\n\t\t\t\t<\/div>\n\t\t<div class=\"elementor-element elementor-element-73e8742 e-con-full e-flex e-con e-child\" data-id=\"73e8742\" data-element_type=\"container\" data-e-type=\"container\">\n\t\t\t\t<div class=\"elementor-element elementor-element-161ba3e elementor-widget elementor-widget-heading\" data-id=\"161ba3e\" data-element_type=\"widget\" data-e-type=\"widget\" data-widget_type=\"heading.default\">\n\t\t\t\t<div class=\"elementor-widget-container\">\n\t\t\t\t\t<h2 class=\"elementor-heading-title elementor-size-default\">Harmonie<\/h2>\t\t\t\t<\/div>\n\t\t\t\t<\/div>\n\t\t\t\t<div class=\"elementor-element elementor-element-b5111fa elementor-widget__width-initial elementor-widget elementor-widget-image\" data-id=\"b5111fa\" data-element_type=\"widget\" data-e-type=\"widget\" data-widget_type=\"image.default\">\n\t\t\t\t<div class=\"elementor-widget-container\">\n\t\t\t\t\t\t\t\t\t\t\t\t\t\t\t<img decoding=\"async\" width=\"681\" height=\"1024\" src=\"https:\/\/lustlivinginterior.com\/wp-content\/uploads\/2023\/12\/pexels-photo-4314604-681x1024.webp\" class=\"attachment-large size-large wp-image-97\" alt=\"\" srcset=\"https:\/\/lustlivinginterior.com\/wp-content\/uploads\/2023\/12\/pexels-photo-4314604-681x1024.webp 681w, https:\/\/lustlivinginterior.com\/wp-content\/uploads\/2023\/12\/pexels-photo-4314604-199x300.webp 199w, https:\/\/lustlivinginterior.com\/wp-content\/uploads\/2023\/12\/pexels-photo-4314604-768x1155.webp 768w, https:\/\/lustlivinginterior.com\/wp-content\/uploads\/2023\/12\/pexels-photo-4314604.webp 997w\" sizes=\"(max-width: 681px) 100vw, 681px\" \/>\t\t\t\t\t\t\t\t\t\t\t\t\t\t\t<\/div>\n\t\t\t\t<\/div>\n\t\t\t\t<div class=\"elementor-element elementor-element-289ae51 elementor-widget elementor-widget-text-editor\" data-id=\"289ae51\" data-element_type=\"widget\" data-e-type=\"widget\" data-widget_type=\"text-editor.default\">\n\t\t\t\t<div class=\"elementor-widget-container\">\n\t\t\t\t\t\t\t\t\t<p><span style=\"font-size: 14px;\">Cr\u00e9er des espaces qui cr\u00e9ent du lien et des \u00e9motions, et apportent \u00e9quilibre et bien-\u00eatre entre l&#8217;individu et son espace int\u00e9rieur.<\/span><\/p>\t\t\t\t\t\t\t\t<\/div>\n\t\t\t\t<\/div>\n\t\t\t\t<\/div>\n\t\t\t\t\t<\/div>\n\t\t\t\t<\/div>\n\t\t<div class=\"elementor-element elementor-element-58d1def e-con-full e-flex e-con e-parent\" data-id=\"58d1def\" data-element_type=\"container\" data-e-type=\"container\">\n\t\t\t\t<div class=\"elementor-element elementor-element-1dfe9bf elementor-widget elementor-widget-spacer\" data-id=\"1dfe9bf\" data-element_type=\"widget\" data-e-type=\"widget\" data-widget_type=\"spacer.default\">\n\t\t\t\t<div class=\"elementor-widget-container\">\n\t\t\t\t\t\t\t<div class=\"elementor-spacer\">\n\t\t\t<div class=\"elementor-spacer-inner\"><\/div>\n\t\t<\/div>\n\t\t\t\t\t\t<\/div>\n\t\t\t\t<\/div>\n\t\t\t\t<div class=\"elementor-element elementor-element-4321a2c elementor-align-center elementor-widget__width-inherit elementor-widget elementor-widget-button\" data-id=\"4321a2c\" data-element_type=\"widget\" data-e-type=\"widget\" data-widget_type=\"button.default\">\n\t\t\t\t<div class=\"elementor-widget-container\">\n\t\t\t\t\t\t\t\t\t<div class=\"elementor-button-wrapper\">\n\t\t\t\t\t<a class=\"elementor-button elementor-button-link elementor-size-md\" href=\"https:\/\/lustlivinginterior.com\/?page_id=15\">\n\t\t\t\t\t\t<span class=\"elementor-button-content-wrapper\">\n\t\t\t\t\t\t\t\t\t<span class=\"elementor-button-text\">Nous contacter<\/span>\n\t\t\t\t\t<\/span>\n\t\t\t\t\t<\/a>\n\t\t\t\t<\/div>\n\t\t\t\t\t\t\t\t<\/div>\n\t\t\t\t<\/div>\n\t\t\t\t<div class=\"elementor-element elementor-element-01a041f elementor-widget elementor-widget-spacer\" data-id=\"01a041f\" data-element_type=\"widget\" data-e-type=\"widget\" data-widget_type=\"spacer.default\">\n\t\t\t\t<div class=\"elementor-widget-container\">\n\t\t\t\t\t\t\t<div class=\"elementor-spacer\">\n\t\t\t<div class=\"elementor-spacer-inner\"><\/div>\n\t\t<\/div>\n\t\t\t\t\t\t<\/div>\n\t\t\t\t<\/div>\n\t\t\t\t<\/div>\n\t\t\t\t<\/div>\n\t\t","protected":false},"excerpt":{"rendered":"<p>BIENVENUE, Lust Living Interior vous accompagne dans votre projet d&#8217;architecture d&#8217;int\u00e9rieur, de sa conception au suivi de sa r\u00e9alisation. Avec Lust Living Interior, le design de votre int\u00e9rieur se fera de fa\u00e7on claire et personnalis\u00e9e, mon but \u00e9tant de r\u00e9aliser votre vision , de faciliter votre exp\u00e9rience et de lib\u00e9rer votre temps. Chaque projet est [&hellip;]<\/p>\n","protected":false},"author":1,"featured_media":0,"parent":0,"menu_order":0,"comment_status":"closed","ping_status":"closed","template":"","meta":{"_monsterinsights_skip_tracking":false,"_monsterinsights_sitenote_active":false,"_monsterinsights_sitenote_note":"","_monsterinsights_sitenote_category":0,"ocean_post_layout":"","ocean_both_sidebars_style":"","ocean_both_sidebars_content_width":0,"ocean_both_sidebars_sidebars_width":0,"ocean_sidebar":"","ocean_second_sidebar":"","ocean_disable_margins":"enable","ocean_add_body_class":"","ocean_shortcode_before_top_bar":"","ocean_shortcode_after_top_bar":"","ocean_shortcode_before_header":"","ocean_shortcode_after_header":"","ocean_has_shortcode":"","ocean_shortcode_after_title":"","ocean_shortcode_before_footer_widgets":"","ocean_shortcode_after_footer_widgets":"","ocean_shortcode_before_footer_bottom":"","ocean_shortcode_after_footer_bottom":"","ocean_display_top_bar":"default","ocean_display_header":"default","ocean_header_style":"","ocean_center_header_left_menu":"","ocean_custom_header_template":"","ocean_custom_logo":0,"ocean_custom_retina_logo":0,"ocean_custom_logo_max_width":0,"ocean_custom_logo_tablet_max_width":0,"ocean_custom_logo_mobile_max_width":0,"ocean_custom_logo_max_height":0,"ocean_custom_logo_tablet_max_height":0,"ocean_custom_logo_mobile_max_height":0,"ocean_header_custom_menu":"","ocean_menu_typo_font_family":"","ocean_menu_typo_font_subset":"","ocean_menu_typo_font_size":0,"ocean_menu_typo_font_size_tablet":0,"ocean_menu_typo_font_size_mobile":0,"ocean_menu_typo_font_size_unit":"px","ocean_menu_typo_font_weight":"","ocean_menu_typo_font_weight_tablet":"","ocean_menu_typo_font_weight_mobile":"","ocean_menu_typo_transform":"","ocean_menu_typo_transform_tablet":"","ocean_menu_typo_transform_mobile":"","ocean_menu_typo_line_height":0,"ocean_menu_typo_line_height_tablet":0,"ocean_menu_typo_line_height_mobile":0,"ocean_menu_typo_line_height_unit":"","ocean_menu_typo_spacing":0,"ocean_menu_typo_spacing_tablet":0,"ocean_menu_typo_spacing_mobile":0,"ocean_menu_typo_spacing_unit":"","ocean_menu_link_color":"","ocean_menu_link_color_hover":"","ocean_menu_link_color_active":"","ocean_menu_link_background":"","ocean_menu_link_hover_background":"","ocean_menu_link_active_background":"","ocean_menu_social_links_bg":"","ocean_menu_social_hover_links_bg":"","ocean_menu_social_links_color":"","ocean_menu_social_hover_links_color":"","ocean_disable_title":"on","ocean_disable_heading":"default","ocean_post_title":"","ocean_post_subheading":"","ocean_post_title_style":"","ocean_post_title_background_color":"","ocean_post_title_background":0,"ocean_post_title_bg_image_position":"","ocean_post_title_bg_image_attachment":"","ocean_post_title_bg_image_repeat":"","ocean_post_title_bg_image_size":"","ocean_post_title_height":0,"ocean_post_title_bg_overlay":0.5,"ocean_post_title_bg_overlay_color":"","ocean_disable_breadcrumbs":"default","ocean_breadcrumbs_color":"","ocean_breadcrumbs_separator_color":"","ocean_breadcrumbs_links_color":"","ocean_breadcrumbs_links_hover_color":"","ocean_display_footer_widgets":"default","ocean_display_footer_bottom":"default","ocean_custom_footer_template":"","footnotes":""},"class_list":["post-35","page","type-page","status-publish","hentry","entry"],"yoast_head":"<!-- This site is optimized with the Yoast SEO plugin v27.3 - https:\/\/yoast.com\/product\/yoast-seo-wordpress\/ -->\n<title>Home - www.lustlivinginterior.com<\/title>\n<meta name=\"description\" content=\"Avec Lust Living Interior, chaque projet est consid\u00e9r\u00e9 pour ce qu\u2019il apportera \u00e0 votre exp\u00e9rience quotidienne et comment il pourra contribuer \u00e0 d\u00e9velopper vos liens aux autres et au lieu.\" \/>\n<meta name=\"robots\" content=\"index, follow, max-snippet:-1, max-image-preview:large, max-video-preview:-1\" \/>\n<link rel=\"canonical\" href=\"https:\/\/lustlivinginterior.com\/\" \/>\n<meta property=\"og:locale\" content=\"en_US\" \/>\n<meta property=\"og:type\" content=\"article\" \/>\n<meta property=\"og:title\" content=\"Home - www.lustlivinginterior.com\" \/>\n<meta property=\"og:description\" content=\"Avec Lust Living Interior, chaque projet est consid\u00e9r\u00e9 pour ce qu\u2019il apportera \u00e0 votre exp\u00e9rience quotidienne et comment il pourra contribuer \u00e0 d\u00e9velopper vos liens aux autres et au lieu.\" \/>\n<meta property=\"og:url\" content=\"https:\/\/lustlivinginterior.com\/\" \/>\n<meta property=\"og:site_name\" content=\"www.lustlivinginterior.com\" \/>\n<meta property=\"article:modified_time\" content=\"2024-07-05T10:23:40+00:00\" \/>\n<meta property=\"og:image\" content=\"http:\/\/lustlivinginterior.com\/wp-content\/uploads\/2023\/12\/8ae51f8d2a6e29df285bf2a131e58904.jpg\" \/>\n<meta name=\"twitter:card\" content=\"summary_large_image\" \/>\n<meta name=\"twitter:label1\" content=\"Est. reading time\" \/>\n\t<meta name=\"twitter:data1\" content=\"2 minutes\" \/>\n<script type=\"application\/ld+json\" class=\"yoast-schema-graph\">{\"@context\":\"https:\\\/\\\/schema.org\",\"@graph\":[{\"@type\":\"WebPage\",\"@id\":\"https:\\\/\\\/lustlivinginterior.com\\\/\",\"url\":\"https:\\\/\\\/lustlivinginterior.com\\\/\",\"name\":\"Home - www.lustlivinginterior.com\",\"isPartOf\":{\"@id\":\"https:\\\/\\\/lustlivinginterior.com\\\/#website\"},\"primaryImageOfPage\":{\"@id\":\"https:\\\/\\\/lustlivinginterior.com\\\/#primaryimage\"},\"image\":{\"@id\":\"https:\\\/\\\/lustlivinginterior.com\\\/#primaryimage\"},\"thumbnailUrl\":\"http:\\\/\\\/lustlivinginterior.com\\\/wp-content\\\/uploads\\\/2023\\\/12\\\/8ae51f8d2a6e29df285bf2a131e58904.jpg\",\"datePublished\":\"2023-12-27T10:59:20+00:00\",\"dateModified\":\"2024-07-05T10:23:40+00:00\",\"description\":\"Avec Lust Living Interior, chaque projet est consid\u00e9r\u00e9 pour ce qu\u2019il apportera \u00e0 votre exp\u00e9rience quotidienne et comment il pourra contribuer \u00e0 d\u00e9velopper vos liens aux autres et au lieu.\",\"breadcrumb\":{\"@id\":\"https:\\\/\\\/lustlivinginterior.com\\\/#breadcrumb\"},\"inLanguage\":\"en-US\",\"potentialAction\":[{\"@type\":\"ReadAction\",\"target\":[\"https:\\\/\\\/lustlivinginterior.com\\\/\"]}]},{\"@type\":\"ImageObject\",\"inLanguage\":\"en-US\",\"@id\":\"https:\\\/\\\/lustlivinginterior.com\\\/#primaryimage\",\"url\":\"https:\\\/\\\/lustlivinginterior.com\\\/wp-content\\\/uploads\\\/2023\\\/12\\\/8ae51f8d2a6e29df285bf2a131e58904.jpg\",\"contentUrl\":\"https:\\\/\\\/lustlivinginterior.com\\\/wp-content\\\/uploads\\\/2023\\\/12\\\/8ae51f8d2a6e29df285bf2a131e58904.jpg\",\"width\":564,\"height\":940},{\"@type\":\"BreadcrumbList\",\"@id\":\"https:\\\/\\\/lustlivinginterior.com\\\/#breadcrumb\",\"itemListElement\":[{\"@type\":\"ListItem\",\"position\":1,\"name\":\"Accueil\",\"item\":\"https:\\\/\\\/lustlivinginterior.com\\\/\"},{\"@type\":\"ListItem\",\"position\":2,\"name\":\"Home\"}]},{\"@type\":\"WebSite\",\"@id\":\"https:\\\/\\\/lustlivinginterior.com\\\/#website\",\"url\":\"https:\\\/\\\/lustlivinginterior.com\\\/\",\"name\":\"www.lustlivinginterior.com\",\"description\":\"\",\"publisher\":{\"@id\":\"https:\\\/\\\/lustlivinginterior.com\\\/#organization\"},\"potentialAction\":[{\"@type\":\"SearchAction\",\"target\":{\"@type\":\"EntryPoint\",\"urlTemplate\":\"https:\\\/\\\/lustlivinginterior.com\\\/?s={search_term_string}\"},\"query-input\":{\"@type\":\"PropertyValueSpecification\",\"valueRequired\":true,\"valueName\":\"search_term_string\"}}],\"inLanguage\":\"en-US\"},{\"@type\":\"Organization\",\"@id\":\"https:\\\/\\\/lustlivinginterior.com\\\/#organization\",\"name\":\"www.lustlivinginterior.com\",\"url\":\"https:\\\/\\\/lustlivinginterior.com\\\/\",\"logo\":{\"@type\":\"ImageObject\",\"inLanguage\":\"en-US\",\"@id\":\"https:\\\/\\\/lustlivinginterior.com\\\/#\\\/schema\\\/logo\\\/image\\\/\",\"url\":\"https:\\\/\\\/lustlivinginterior.com\\\/wp-content\\\/uploads\\\/2024\\\/01\\\/cropped-LLI-LOGO-ENTIER-CENTRE-scaled-1.jpg\",\"contentUrl\":\"https:\\\/\\\/lustlivinginterior.com\\\/wp-content\\\/uploads\\\/2024\\\/01\\\/cropped-LLI-LOGO-ENTIER-CENTRE-scaled-1.jpg\",\"width\":1807,\"height\":1289,\"caption\":\"www.lustlivinginterior.com\"},\"image\":{\"@id\":\"https:\\\/\\\/lustlivinginterior.com\\\/#\\\/schema\\\/logo\\\/image\\\/\"}}]}<\/script>\n<!-- \/ Yoast SEO plugin. -->","yoast_head_json":{"title":"Home - www.lustlivinginterior.com","description":"Avec Lust Living Interior, chaque projet est consid\u00e9r\u00e9 pour ce qu\u2019il apportera \u00e0 votre exp\u00e9rience quotidienne et comment il pourra contribuer \u00e0 d\u00e9velopper vos liens aux autres et au lieu.","robots":{"index":"index","follow":"follow","max-snippet":"max-snippet:-1","max-image-preview":"max-image-preview:large","max-video-preview":"max-video-preview:-1"},"canonical":"https:\/\/lustlivinginterior.com\/","og_locale":"en_US","og_type":"article","og_title":"Home - www.lustlivinginterior.com","og_description":"Avec Lust Living Interior, chaque projet est consid\u00e9r\u00e9 pour ce qu\u2019il apportera \u00e0 votre exp\u00e9rience quotidienne et comment il pourra contribuer \u00e0 d\u00e9velopper vos liens aux autres et au lieu.","og_url":"https:\/\/lustlivinginterior.com\/","og_site_name":"www.lustlivinginterior.com","article_modified_time":"2024-07-05T10:23:40+00:00","og_image":[{"url":"http:\/\/lustlivinginterior.com\/wp-content\/uploads\/2023\/12\/8ae51f8d2a6e29df285bf2a131e58904.jpg","type":"","width":"","height":""}],"twitter_card":"summary_large_image","twitter_misc":{"Est. reading time":"2 minutes"},"schema":{"@context":"https:\/\/schema.org","@graph":[{"@type":"WebPage","@id":"https:\/\/lustlivinginterior.com\/","url":"https:\/\/lustlivinginterior.com\/","name":"Home - www.lustlivinginterior.com","isPartOf":{"@id":"https:\/\/lustlivinginterior.com\/#website"},"primaryImageOfPage":{"@id":"https:\/\/lustlivinginterior.com\/#primaryimage"},"image":{"@id":"https:\/\/lustlivinginterior.com\/#primaryimage"},"thumbnailUrl":"http:\/\/lustlivinginterior.com\/wp-content\/uploads\/2023\/12\/8ae51f8d2a6e29df285bf2a131e58904.jpg","datePublished":"2023-12-27T10:59:20+00:00","dateModified":"2024-07-05T10:23:40+00:00","description":"Avec Lust Living Interior, chaque projet est consid\u00e9r\u00e9 pour ce qu\u2019il apportera \u00e0 votre exp\u00e9rience quotidienne et comment il pourra contribuer \u00e0 d\u00e9velopper vos liens aux autres et au lieu.","breadcrumb":{"@id":"https:\/\/lustlivinginterior.com\/#breadcrumb"},"inLanguage":"en-US","potentialAction":[{"@type":"ReadAction","target":["https:\/\/lustlivinginterior.com\/"]}]},{"@type":"ImageObject","inLanguage":"en-US","@id":"https:\/\/lustlivinginterior.com\/#primaryimage","url":"https:\/\/lustlivinginterior.com\/wp-content\/uploads\/2023\/12\/8ae51f8d2a6e29df285bf2a131e58904.jpg","contentUrl":"https:\/\/lustlivinginterior.com\/wp-content\/uploads\/2023\/12\/8ae51f8d2a6e29df285bf2a131e58904.jpg","width":564,"height":940},{"@type":"BreadcrumbList","@id":"https:\/\/lustlivinginterior.com\/#breadcrumb","itemListElement":[{"@type":"ListItem","position":1,"name":"Accueil","item":"https:\/\/lustlivinginterior.com\/"},{"@type":"ListItem","position":2,"name":"Home"}]},{"@type":"WebSite","@id":"https:\/\/lustlivinginterior.com\/#website","url":"https:\/\/lustlivinginterior.com\/","name":"www.lustlivinginterior.com","description":"","publisher":{"@id":"https:\/\/lustlivinginterior.com\/#organization"},"potentialAction":[{"@type":"SearchAction","target":{"@type":"EntryPoint","urlTemplate":"https:\/\/lustlivinginterior.com\/?s={search_term_string}"},"query-input":{"@type":"PropertyValueSpecification","valueRequired":true,"valueName":"search_term_string"}}],"inLanguage":"en-US"},{"@type":"Organization","@id":"https:\/\/lustlivinginterior.com\/#organization","name":"www.lustlivinginterior.com","url":"https:\/\/lustlivinginterior.com\/","logo":{"@type":"ImageObject","inLanguage":"en-US","@id":"https:\/\/lustlivinginterior.com\/#\/schema\/logo\/image\/","url":"https:\/\/lustlivinginterior.com\/wp-content\/uploads\/2024\/01\/cropped-LLI-LOGO-ENTIER-CENTRE-scaled-1.jpg","contentUrl":"https:\/\/lustlivinginterior.com\/wp-content\/uploads\/2024\/01\/cropped-LLI-LOGO-ENTIER-CENTRE-scaled-1.jpg","width":1807,"height":1289,"caption":"www.lustlivinginterior.com"},"image":{"@id":"https:\/\/lustlivinginterior.com\/#\/schema\/logo\/image\/"}}]}},"_links":{"self":[{"href":"https:\/\/lustlivinginterior.com\/index.php?rest_route=\/wp\/v2\/pages\/35","targetHints":{"allow":["GET"]}}],"collection":[{"href":"https:\/\/lustlivinginterior.com\/index.php?rest_route=\/wp\/v2\/pages"}],"about":[{"href":"https:\/\/lustlivinginterior.com\/index.php?rest_route=\/wp\/v2\/types\/page"}],"author":[{"embeddable":true,"href":"https:\/\/lustlivinginterior.com\/index.php?rest_route=\/wp\/v2\/users\/1"}],"replies":[{"embeddable":true,"href":"https:\/\/lustlivinginterior.com\/index.php?rest_route=%2Fwp%2Fv2%2Fcomments&post=35"}],"version-history":[{"count":91,"href":"https:\/\/lustlivinginterior.com\/index.php?rest_route=\/wp\/v2\/pages\/35\/revisions"}],"predecessor-version":[{"id":1117,"href":"https:\/\/lustlivinginterior.com\/index.php?rest_route=\/wp\/v2\/pages\/35\/revisions\/1117"}],"wp:attachment":[{"href":"https:\/\/lustlivinginterior.com\/index.php?rest_route=%2Fwp%2Fv2%2Fmedia&parent=35"}],"curies":[{"name":"wp","href":"https:\/\/api.w.org\/{rel}","templated":true}]}}